{"id":2385,"date":"2023-12-05T00:08:27","date_gmt":"2023-12-04T21:08:27","guid":{"rendered":"https:\/\/rigastinte.lv\/?post_type=product&#038;p=2385"},"modified":"2024-04-19T14:39:43","modified_gmt":"2024-04-19T11:39:43","slug":"gift-card-rigas-tine","status":"publish","type":"product","link":"https:\/\/rigastinte.lv\/en\/product\/gift-card-rigas-tine\/","title":{"rendered":"Gift Card R\u012bgas Tine"},"content":{"rendered":"<h1>R\u012aGAS TINTE <br \/><em>Tattoo<\/em> <strong>Gift Card<\/strong><\/h1>\n<p><img decoding=\"async\" src=\"\/wp-content\/uploads\/2023\/12\/DavanuKarteRigasTinte.png\" alt=\"\"><\/p>\n<div>The perfect gift for a TATTOO friend or yourself<\/div>\n<div>Terms and conditions of use of the gift card:<\/div>\n<div>\n<p>\u25cb The gift card can be used to get a tattoo or to purchase goods at the tattoo parlour &#8220;R\u012bgas Tinte&#8221;.<br \/>\u25cb Gift card is not redeemable for cash.<br \/>\u25cb In case of loss, the gift card will not be renewed.<br \/>\u25cb The gift card is not personalised and can be used by a third party.<br \/>\u25cb The gift card must be used within 6 months before the expiry date, after which it will be invalid (the issue date is indicated on the gift card).<br \/>\u25cb By purchasing a gift card, the customer confirms that he\/she has read and agrees to the terms and conditions of the card.<br \/>\u25cb In case of any unclear questions, please contact us.\u00a0SIA \u201cRGS TNT\u201d, tel. <a href=\"tel:+37167225055\">+37167225055<\/a>, <a href=\"https:\/\/www.google.com\/maps\/place\/Kri%C5%A1j%C4%81%C5%86a+Barona+iela+45%2F47,+Centra+rajons,+R%C4%ABga,+LV-1011\/data=!4m2!3m1!1s0x46eecfcccc758483:0x4f19b970d8a0e70c?sa=X&amp;ved=2ahUKEwi548_Wt_qCAxVvIBAIHauGB1MQ8gF6BAgeEAA\" target=\"_blank\" rel=\"noopener\">Kri\u0161j\u0101\u0146a Barona iela 45\/47, R\u012bga<\/a>.<\/p>\n<\/div>\n<div>If you would like to buy a printed designer gift card, it is available for purchase in our parlour.<\/div>\n<div><\/div>\n<hr>\n<div>Terms and conditions of use of the gift card:<\/div>\n<div>\n<p>\u25cb The gift card can be used to get a tattoo or to purchase goods at the tattoo parlour &#8220;R\u012bgas Tinte&#8221;.<br \/>\u25cb Gift card is not redeemable for cash.<br \/>\u25cb In case of loss, the gift card will not be renewed.<br \/>\u25cb The gift card is not personalised and can be used by a third party.<br \/>\u25cb The gift card must be used within 6 months before the expiry date, after which it will be invalid (the issue date is indicated on the gift card).<br \/>\u25cb By purchasing a gift card, the customer confirms that he\/she has read and agrees to the terms and conditions of the card.<br \/>\u25cb In case of any unclear questions, please contact us.\u00a0SIA \u201cRGS TNT\u201d, tel. <a href=\"tel:+37167225055\">+37167225055<\/a>, <a href=\"https:\/\/www.google.com\/maps\/place\/Kri%C5%A1j%C4%81%C5%86a+Barona+iela+45%2F47,+Centra+rajons,+R%C4%ABga,+LV-1011\/data=!4m2!3m1!1s0x46eecfcccc758483:0x4f19b970d8a0e70c?sa=X&amp;ved=2ahUKEwi548_Wt_qCAxVvIBAIHauGB1MQ8gF6BAgeEAA\" target=\"_blank\" rel=\"noopener\">Kri\u0161j\u0101\u0146a Barona iela 45\/47, R\u012bga<\/a>.<\/p>\n<\/div>\n<div>If you would like to buy a printed designer gift card, it is available for purchase in our parlour.<\/div>\n<p><!--more--><br \/>\n<!-- {\"type\":\"layout\",\"children\":[{\"type\":\"section\",\"props\":{\"divider_height\":\"120\",\"divider_position\":\"top\",\"divider_width\":\"100\",\"image_position\":\"center-center\",\"padding\":\"large\",\"padding_custom_bottom\":\"40\",\"padding_custom_top\":\"40\",\"padding_remove_bottom\":true,\"style\":\"default\",\"style_custom_color\":\"#ccc\",\"title_breakpoint\":\"xl\",\"title_position\":\"top-left\",\"title_rotation\":\"left\",\"vertical_align\":\"middle\",\"width\":\"large\"},\"children\":[{\"type\":\"row\",\"children\":[{\"type\":\"column\",\"props\":{\"image_position\":\"center-center\",\"position_sticky_breakpoint\":\"m\",\"width_medium\":\"1-1\"},\"children\":[{\"type\":\"headline\",\"props\":{\"content\":\"R\\u012aGAS TINTE <br \\\/><em>Tattoo<\\\/em> <strong>Gift Card<\\\/strong>\",\"title_element\":\"h1\",\"title_style\":\"heading-medium\"}}]}]}],\"name\":\"Hero\"},{\"type\":\"section\",\"props\":{\"css\":\"\\\/* Desktop and bigger *\\\/\\n@media (min-width:960px) {\\n    .el-section { padding-bottom: 0; }\\n}\",\"divider_height\":\"120\",\"divider_position\":\"top\",\"divider_width\":\"100\",\"image_position\":\"center-center\",\"padding\":\"small\",\"padding_custom_bottom\":\"40\",\"padding_custom_top\":\"40\",\"padding_remove_top\":false,\"style\":\"default\",\"style_custom_color\":\"#ccc\",\"title_breakpoint\":\"xl\",\"title_position\":\"top-left\",\"title_rotation\":\"left\",\"vertical_align\":\"middle\",\"width\":\"xlarge\"},\"children\":[{\"type\":\"row\",\"props\":{\"column_gap\":\"large\",\"divider\":true,\"html_element\":\"article\",\"layout\":\"1-2,1-2\",\"match\":false},\"children\":[{\"type\":\"column\",\"props\":{\"image_position\":\"center-center\",\"position_sticky_breakpoint\":\"m\",\"vertical_align\":\"bottom\",\"width_medium\":\"1-2\"},\"children\":[{\"type\":\"image\",\"props\":{\"image\":\"wp-content\\\/uploads\\\/2023\\\/12\\\/DavanuKarteRigasTinte.png\",\"image_loading\":true,\"image_svg_color\":\"emphasis\",\"margin\":\"default\"}},{\"type\":\"headline\",\"props\":{\"content\":\"The perfect gift for a TATTOO friend or yourself\",\"margin\":\"default\",\"maxwidth\":\"xlarge\",\"title_element\":\"div\",\"title_style\":\"h2\"},\"name\":\"Perfekta d\\u0101vana TATTOO\"},{\"type\":\"headline\",\"props\":{\"content\":\"Terms and conditions of use of the gift card:\",\"margin\":\"default\",\"margin_remove_bottom\":true,\"maxwidth\":\"xlarge\",\"title_element\":\"div\",\"title_style\":\"h5\",\"visibility\":\"m\"},\"name\":\"D\\u0101vanu kartes lieto\\u0161anas noteikumi:\"},{\"type\":\"text\",\"props\":{\"column_breakpoint\":\"m\",\"content\":\"\n\n<p>\\u25cb The gift card can be used to get a tattoo or to purchase goods at the tattoo parlour \\\"R\\u012bgas Tinte\\\".<br \\\/>\\u25cb Gift card is not redeemable for cash.<br \\\/>\\u25cb In case of loss, the gift card will not be renewed.<br \\\/>\\u25cb The gift card is not personalised and can be used by a third party.<br \\\/>\\u25cb The gift card must be used within 6 months before the expiry date, after which it will be invalid (the issue date is indicated on the gift card).<br \\\/>\\u25cb By purchasing a gift card, the customer confirms that he\\\/she has read and agrees to the terms and conditions of the card.<br \\\/>\\u25cb In case of any unclear questions, please contact us.\\u00a0SIA \\u201cRGS TNT\\u201d, tel. <a href=\\\"tel:+37167225055\\\">+37167225055<\\\/a>, <a href=\\\"https:\\\/\\\/www.google.com\\\/maps\\\/place\\\/Kri%C5%A1j%C4%81%C5%86a+Barona+iela+45%2F47,+Centra+rajons,+R%C4%ABga,+LV-1011\\\/data=!4m2!3m1!1s0x46eecfcccc758483:0x4f19b970d8a0e70c?sa=X&amp;ved=2ahUKEwi548_Wt_qCAxVvIBAIHauGB1MQ8gF6BAgeEAA\\\" target=\\\"_blank\\\" rel=\\\"noopener\\\">Kri\\u0161j\\u0101\\u0146a Barona iela 45\\\/47, R\\u012bga<\\\/a>.<\\\/p>\",\"margin\":\"small\",\"visibility\":\"m\"},\"name\":\"noteikumi\"},{\"type\":\"headline\",\"props\":{\"content\":\"If you would like to buy a printed designer gift card, it is available for purchase in our parlour.\",\"margin\":\"default\",\"margin_remove_bottom\":true,\"maxwidth\":\"xlarge\",\"title_element\":\"div\",\"title_style\":\"h5\",\"visibility\":\"m\"},\"name\":\"D\\u0101vanu kartes lieto\\u0161anas noteikumi:\"},{\"type\":\"yoo_spacer\",\"props\":{\"spacer_element\":\"div\",\"spacer_height\":\"50\",\"visibility\":\"m\"}}]},{\"type\":\"column\",\"props\":{\"image_position\":\"center-center\",\"image_size\":\"cover\",\"padding\":\"none\",\"position_sticky\":\"column\",\"position_sticky_breakpoint\":\"m\",\"position_sticky_offset\":\"140\",\"width_medium\":\"1-2\"},\"children\":[{\"type\":\"headline\",\"props\":{\"margin\":\"small\",\"text_align\":\"left\",\"title_element\":\"h1\",\"title_style\":\"h2\"},\"source\":{\"query\":{\"name\":\"products.singleProduct\"},\"props\":{\"content\":{\"filters\":{\"search\":\"\"},\"name\":\"woocommerce.price\"}}}},{\"type\":\"woo_add_to_cart\",\"props\":{\"css\":\".ywgc-predefined-amount-button {\\n    border: 1px solid #ccc; \\\/* Gray border *\\\/\\n    border-radius: 4px; \\\/* Rounded corners, adjust radius as needed *\\\/\\n}\\n\\n#ywgc-edit-message {\\n    border: 1px solid #ccc; \\\/* Gray border *\\\/\\n    border-radius: 4px; \\\/* Rounded corners, adjust radius as needed *\\\/\\n}\\n\",\"margin\":\"small\",\"margin_remove_top\":false,\"maxwidth\":\"xlarge\"}}]}]}],\"name\":\"Featured Company\"},{\"type\":\"section\",\"props\":{\"divider_height\":\"120\",\"divider_position\":\"top\",\"divider_width\":\"100\",\"image_position\":\"center-center\",\"padding_custom_bottom\":\"40\",\"padding_custom_top\":\"40\",\"style\":\"default\",\"style_custom_color\":\"#ccc\",\"title_breakpoint\":\"xl\",\"title_position\":\"top-left\",\"title_rotation\":\"left\",\"vertical_align\":\"middle\",\"width\":\"default\"},\"children\":[{\"type\":\"row\",\"children\":[{\"type\":\"column\",\"props\":{\"image_position\":\"center-center\",\"position_sticky_breakpoint\":\"m\"},\"children\":[{\"type\":\"divider\",\"props\":{\"divider_element\":\"hr\",\"visibility\":\"hidden-m\"}},{\"type\":\"headline\",\"props\":{\"content\":\"Terms and conditions of use of the gift card:\",\"margin\":\"default\",\"margin_remove_bottom\":true,\"maxwidth\":\"xlarge\",\"title_element\":\"div\",\"title_style\":\"h5\",\"visibility\":\"hidden-m\"},\"name\":\"D\\u0101vanu kartes lieto\\u0161anas noteikumi:\"},{\"type\":\"text\",\"props\":{\"column_breakpoint\":\"m\",\"content\":\"\n\n<p>\\u25cb The gift card can be used to get a tattoo or to purchase goods at the tattoo parlour \\\"R\\u012bgas Tinte\\\".<br \\\/>\\u25cb Gift card is not redeemable for cash.<br \\\/>\\u25cb In case of loss, the gift card will not be renewed.<br \\\/>\\u25cb The gift card is not personalised and can be used by a third party.<br \\\/>\\u25cb The gift card must be used within 6 months before the expiry date, after which it will be invalid (the issue date is indicated on the gift card).<br \\\/>\\u25cb By purchasing a gift card, the customer confirms that he\\\/she has read and agrees to the terms and conditions of the card.<br \\\/>\\u25cb In case of any unclear questions, please contact us.\\u00a0SIA \\u201cRGS TNT\\u201d, tel. <a href=\\\"tel:+37167225055\\\">+37167225055<\\\/a>, <a href=\\\"https:\\\/\\\/www.google.com\\\/maps\\\/place\\\/Kri%C5%A1j%C4%81%C5%86a+Barona+iela+45%2F47,+Centra+rajons,+R%C4%ABga,+LV-1011\\\/data=!4m2!3m1!1s0x46eecfcccc758483:0x4f19b970d8a0e70c?sa=X&amp;ved=2ahUKEwi548_Wt_qCAxVvIBAIHauGB1MQ8gF6BAgeEAA\\\" target=\\\"_blank\\\" rel=\\\"noopener\\\">Kri\\u0161j\\u0101\\u0146a Barona iela 45\\\/47, R\\u012bga<\\\/a>.<\\\/p>\",\"margin\":\"small\",\"visibility\":\"hidden-m\"},\"name\":\"noteikumi\"},{\"type\":\"headline\",\"props\":{\"content\":\"If you would like to buy a printed designer gift card, it is available for purchase in our parlour.\",\"margin\":\"default\",\"margin_remove_bottom\":true,\"maxwidth\":\"xlarge\",\"title_element\":\"div\",\"title_style\":\"h5\",\"visibility\":\"hidden-m\"},\"name\":\"D\\u0101vanu kartes lieto\\u0161anas noteikumi:\"}]}]}]},{\"type\":\"section\",\"props\":{\"divider_height\":\"120\",\"divider_position\":\"top\",\"divider_width\":\"100\",\"image_position\":\"center-center\",\"padding_custom_bottom\":\"40\",\"padding_custom_top\":\"40\",\"style\":\"default\",\"style_custom_color\":\"#ccc\",\"title_breakpoint\":\"xl\",\"title_position\":\"top-left\",\"title_rotation\":\"left\",\"vertical_align\":\"middle\",\"width\":\"default\"},\"children\":[{\"type\":\"row\",\"children\":[{\"type\":\"column\",\"props\":{\"image_position\":\"center-center\",\"position_sticky_breakpoint\":\"m\"}}]}]}],\"version\":\"4.3.11\",\"yooessentialsVersion\":\"2.2.9\"} --><\/p>\n","protected":false},"excerpt":{"rendered":"<p>R\u012aGAS TINTE Tattoo Gift Card The perfect gift for a TATTOO friend or yourself Terms and conditions of use of the gift card: \u25cb The gift card can be used to get a tattoo or to purchase goods at the tattoo parlour &#8220;R\u012bgas Tinte&#8221;.\u25cb Gift card is not redeemable for cash.\u25cb In case of loss, [&hellip;]<\/p>\n","protected":false},"featured_media":2620,"comment_status":"closed","ping_status":"closed","template":"","meta":[],"product_brand":[],"product_cat":[48],"product_tag":[],"giftcard-category":[],"class_list":{"0":"post-2385","1":"product","2":"type-product","3":"status-publish","4":"has-post-thumbnail","6":"product_cat-gift-card-en","8":"first","9":"instock","10":"virtual","11":"purchasable","12":"product-type-gift-card"},"jetpack_sharing_enabled":true,"_links":{"self":[{"href":"https:\/\/rigastinte.lv\/en\/wp-json\/wp\/v2\/product\/2385","targetHints":{"allow":["GET"]}}],"collection":[{"href":"https:\/\/rigastinte.lv\/en\/wp-json\/wp\/v2\/product"}],"about":[{"href":"https:\/\/rigastinte.lv\/en\/wp-json\/wp\/v2\/types\/product"}],"replies":[{"embeddable":true,"href":"https:\/\/rigastinte.lv\/en\/wp-json\/wp\/v2\/comments?post=2385"}],"wp:featuredmedia":[{"embeddable":true,"href":"https:\/\/rigastinte.lv\/en\/wp-json\/wp\/v2\/media\/2620"}],"wp:attachment":[{"href":"https:\/\/rigastinte.lv\/en\/wp-json\/wp\/v2\/media?parent=2385"}],"wp:term":[{"taxonomy":"product_brand","embeddable":true,"href":"https:\/\/rigastinte.lv\/en\/wp-json\/wp\/v2\/product_brand?post=2385"},{"taxonomy":"product_cat","embeddable":true,"href":"https:\/\/rigastinte.lv\/en\/wp-json\/wp\/v2\/product_cat?post=2385"},{"taxonomy":"product_tag","embeddable":true,"href":"https:\/\/rigastinte.lv\/en\/wp-json\/wp\/v2\/product_tag?post=2385"},{"taxonomy":"giftcard-category","embeddable":true,"href":"https:\/\/rigastinte.lv\/en\/wp-json\/wp\/v2\/giftcard-category?post=2385"}],"curies":[{"name":"wp","href":"https:\/\/api.w.org\/{rel}","templated":true}]}}