{"id":915,"date":"2023-10-26T16:03:51","date_gmt":"2023-10-26T13:03:51","guid":{"rendered":"https:\/\/rigastinte.lv\/?page_id=915"},"modified":"2024-04-19T14:42:16","modified_gmt":"2024-04-19T11:42:16","slug":"the-studio-rigas-tine","status":"publish","type":"page","link":"https:\/\/rigastinte.lv\/en\/the-studio-rigas-tine\/","title":{"rendered":"The Studio &#8211; R\u012bgas Tinte"},"content":{"rendered":"<h2>ABOUT R\u012aGAS TINTE<\/h2>\n<h1>Crafting Stories in <i>Ink<\/i><\/h1>\n<h2>ESTABLISHED IN 2010, R\u012aGAS TINTE HAS BECOME A SIGNIFICANT NAME IN THE LATVIAN TATTOO INDUSTRY. OUR STUDIO COMBINES ARTISTIC KNOWLEDGE WITH LONG TRADITION AND LOVE FOR THE CRAFT. FROM DAY ONE, WE HAVE BEEN COMMITTED TO PROVIDING THE HIGHEST LEVEL OF TATTOOING EXPERIENCE, FROM THE FIRST VISIT AND CONSULTATION TO THE FINISHED PIECE.<\/h2>\n<h3>Our Epic Story<\/h3>\n<h3>The roots of the studio can be traced back to late 2009 when two childhood friends, Edgars and Janis, inspired by various music, art and alternative subcultures, decided to join forces to establish the first tattoo studio in Latvia which specialized in American traditional style tattooing.<\/h3>\n<h3>On the 8th of August 2010, R\u012bgas Tinte celebrated its opening in Riga\u2019s Old Town, at 14 J\u0101\u0146a Street. Over the years, the studio continued to grow not only in skill but also in size, so on February 14, 2015, the location was changed to the current premises at 45\/47 Kri\u0161j\u0101\u0146a Barona Street. With 110m2 of space and the addition of new members, R\u012bgas Tinte has become the studio as we know it today \u2013 a creative space for tattoo lovers and enthusiasts.<\/h3>\n<p><img decoding=\"async\" src=\"\/wp-content\/uploads\/2023\/11\/RIGAS-TINTE-history-003.jpg\" alt=\"\"><\/p>\n<h3>On the 8th of August 2010, R\u012bgas Tinte celebrated its opening in Riga\u2019s Old Town, at 14 J\u0101\u0146a Street. Over the years, the studio continued to grow not only in skill but also numerically, so on February 14, 2015, the location was changed to the current premises at 45\/47 Kri\u0161j\u0101\u0146a Barona Street. With 110m2 of space and the addition of new members, R\u012bgas Tinte has become the studio as we know it today \u2013 a creative space for tattoo lovers and enthusiasts.<\/h3>\n<p><img decoding=\"async\" src=\"\/wp-content\/uploads\/2023\/11\/RIGAS-TINTE-history-002.jpg\" alt=\"\"><br \/>\n<img decoding=\"async\" src=\"\/wp-content\/uploads\/2023\/11\/RIGAS-TINTE-history-001.jpg\" alt=\"\"><\/p>\n<h3>\n<div>We sincerely believe that tattooing isn\u2019t just about the skill and technical application. It\u2019s about trust, commitment and understanding between the client and the studio, making the whole experience a significant and permanent memory to be proud of.<\/div>\n<\/h3>\n<div><\/div>\n<p><img decoding=\"async\" src=\"\/wp-content\/uploads\/2023\/09\/Edgars-Jancis.jpg\" alt=\"\"><\/p>\n<h3>Edgars &amp; Jancis<\/h3>\n<h3>R\u012aGAS TINTE<\/h3>\n<div><\/div>\n<p>\n    <a href=\"\/en\/crew\/\">MEET ALL ARTISTS<\/a>\n<\/p>\n<hr>\n<p><!--more--><br \/>\n<!-- {\"type\":\"layout\",\"children\":[{\"name\":\"Hero\",\"type\":\"section\",\"props\":{\"divider_height\":\"120\",\"divider_position\":\"top\",\"divider_width\":\"100\",\"image_position\":\"center-center\",\"padding\":\"large\",\"padding_custom_bottom\":\"40\",\"padding_custom_top\":\"40\",\"padding_remove_bottom\":false,\"padding_remove_top\":false,\"style\":\"default\",\"style_custom_color\":\"#ccc\",\"title_breakpoint\":\"xl\",\"title_position\":\"top-left\",\"title_rotation\":\"left\",\"vertical_align\":\"middle\",\"width\":\"large\"},\"children\":[{\"type\":\"row\",\"props\":{\"layout\":\"3-5,2-5\",\"margin_remove_top\":false},\"children\":[{\"type\":\"column\",\"props\":{\"image_position\":\"center-center\",\"position_sticky_breakpoint\":\"m\",\"width_medium\":\"3-5\"},\"children\":[{\"type\":\"headline\",\"props\":{\"content\":\"ABOUT R\\u012aGAS TINTE\",\"margin\":\"small\",\"margin_remove_bottom\":false,\"text_align\":\"left\",\"title_element\":\"h2\",\"title_style\":\"h6\"}},{\"type\":\"headline\",\"props\":{\"animation\":\"parallax\",\"content\":\"Crafting Stories in <i>Ink<\\\/i>\",\"margin_remove_top\":true,\"maxwidth_breakpoint\":\"m\",\"parallax_easing\":\"1\",\"parallax_y\":\"0,-75\",\"text_align\":\"left\",\"text_align_fallback\":\"center\",\"title_element\":\"h1\",\"title_style\":\"heading-medium\"}},{\"type\":\"headline\",\"props\":{\"content\":\"ESTABLISHED IN 2010, R\\u012aGAS TINTE HAS BECOME A SIGNIFICANT NAME IN THE LATVIAN TATTOO INDUSTRY. OUR STUDIO COMBINES ARTISTIC KNOWLEDGE WITH LONG TRADITION AND LOVE FOR THE CRAFT. FROM DAY ONE, WE HAVE BEEN COMMITTED TO PROVIDING THE HIGHEST LEVEL OF TATTOOING EXPERIENCE, FROM THE FIRST VISIT AND CONSULTATION TO THE FINISHED PIECE.\",\"margin\":\"small\",\"margin_remove_bottom\":false,\"margin_remove_top\":true,\"text_align\":\"justify\",\"title_element\":\"h2\",\"title_style\":\"h6\"}}]},{\"type\":\"column\",\"props\":{\"image_position\":\"center-center\",\"position_sticky_breakpoint\":\"m\",\"width_medium\":\"2-5\"}}]}]},{\"name\":\"Nedaudz v\\u0113stures\",\"type\":\"section\",\"props\":{\"animation_delay\":false,\"divider_height\":\"120\",\"divider_position\":\"top\",\"divider_width\":\"100\",\"header_transparent\":\"light\",\"height\":\"full\",\"image\":\"wp-content\\\/uploads\\\/2023\\\/09\\\/DA8B2467-HDR.jpg\",\"image_effect\":\"parallax\",\"image_parallax_bgy\":\"-600,600\",\"image_parallax_easing\":\"1\",\"image_position\":\"top-center\",\"image_size\":\"cover\",\"image_width\":\"2560\",\"media_overlay\":\"rgba(0, 0, 0, 0.71)\",\"padding\":\"xlarge\",\"padding_custom_bottom\":\"40\",\"padding_custom_top\":\"40\",\"padding_remove_bottom\":false,\"style\":\"primary\",\"style_custom_color\":\"#ccc\",\"title_breakpoint\":\"xl\",\"title_position\":\"top-left\",\"title_rotation\":\"left\",\"vertical_align\":\"middle\",\"width\":\"large\"},\"children\":[{\"type\":\"row\",\"props\":{\"width\":\"xlarge\"},\"children\":[{\"type\":\"column\",\"props\":{\"image_position\":\"center-center\",\"position_sticky_breakpoint\":\"m\",\"text_color\":\"light\",\"width_medium\":\"1-1\"},\"children\":[{\"type\":\"headline\",\"props\":{\"animation\":\"parallax\",\"content\":\"Our Epic Story\",\"css\":\"@media (min-width: 0px) and (max-width: 640px) {\\n    .el-element { \\n        font-size: 70px;\\n        letter-spacing: px;\\n        font-weight: \\n    }\\n}\\n@media (min-width: 641px) and (max-width: 960px) {\\n    .el-element { \\n        font-size: 90px;\\n        letter-spacing: px;\\n        font-weight: \\n    }\\n}\\n@media (min-width: 960px) \\n{\\n    .el-element { \\n        font-size:160px;\\n        letter-spacing: px;\\n        font-weight: \\n           }\\n}\",\"margin\":\"default\",\"margin_remove_bottom\":true,\"margin_remove_top\":true,\"parallax_blur\":\"0,10vh\",\"parallax_easing\":\"1\",\"parallax_opacity\":\"1,0 50%\",\"parallax_y\":\",,15vh 50%\",\"parallax_zindex\":false,\"position\":\"relative\",\"position_top\":\"-5vh\",\"text_align\":\"center\",\"title_element\":\"h3\",\"title_style\":\"h3\"}}]}]},{\"type\":\"row\",\"props\":{\"column_gap\":\"small\",\"layout\":\"2-5,3-5\",\"margin\":\"xlarge\",\"row_gap\":\"small\",\"width\":\"expand\"},\"children\":[{\"type\":\"column\",\"props\":{\"image_position\":\"center-center\",\"position_sticky_breakpoint\":\"m\",\"width_medium\":\"2-5\"}},{\"type\":\"column\",\"props\":{\"image_position\":\"center-center\",\"position_sticky_breakpoint\":\"m\",\"text_color\":\"light\",\"width_medium\":\"3-5\"},\"children\":[{\"type\":\"headline\",\"props\":{\"animation\":\"parallax\",\"content\":\"The roots of the studio can be traced back to late 2009 when two childhood friends, Edgars and Janis, inspired by various music, art and alternative subcultures, decided to join forces to establish the first tattoo studio in Latvia which specialized in American traditional style tattooing.\",\"css\":\"@media (min-width: 0px) and (max-width: 640px) {\\n    .el-element { \\n        font-size: 22px;\\n        letter-spacing: px;\\n        font-weight: \\n    }\\n}\\n@media (min-width: 641px) and (max-width: 960px) {\\n    .el-element { \\n        font-size: 25px;\\n        letter-spacing: px;\\n        font-weight: \\n    }\\n}\\n@media (min-width: 960px) \\n{\\n    .el-element { \\n        font-size:28px;\\n        letter-spacing: px;\\n        font-weight: \\n           }\\n}\",\"margin\":\"default\",\"margin_remove_bottom\":true,\"margin_remove_top\":true,\"parallax_blur\":\"15,0 10%\",\"parallax_easing\":\"1\",\"parallax_opacity\":\"0.3,1 10%\",\"parallax_y\":\"30,0\",\"parallax_zindex\":false,\"text_align\":\"justify\",\"title_element\":\"h3\",\"title_style\":\"h3\"}}]}]},{\"type\":\"row\",\"props\":{\"column_gap\":\"small\",\"layout\":\"1-2,1-2\",\"margin\":\"xlarge\",\"row_gap\":\"small\",\"width\":\"expand\"},\"children\":[{\"type\":\"column\",\"props\":{\"image_position\":\"center-center\",\"position_sticky_breakpoint\":\"m\",\"width_medium\":\"1-2\"},\"children\":[{\"type\":\"headline\",\"props\":{\"animation\":\"parallax\",\"content\":\"On the 8th of August 2010, R\\u012bgas Tinte celebrated its opening in Riga\\u2019s Old Town, at 14 J\\u0101\\u0146a Street. Over the years, the studio continued to grow not only in skill but also in size, so on February 14, 2015, the location was changed to the current premises at 45\\\/47 Kri\\u0161j\\u0101\\u0146a Barona Street. With 110m2 of space and the addition of new members, R\\u012bgas Tinte has become the studio as we know it today \\u2013 a creative space for tattoo lovers and enthusiasts.\",\"css\":\"@media (min-width: 0px) and (max-width: 640px) {\\n    .el-element { \\n        font-size: 22px;\\n        letter-spacing: px;\\n        font-weight: \\n    }\\n}\\n@media (min-width: 641px) and (max-width: 960px) {\\n    .el-element { \\n        font-size: 25px;\\n        letter-spacing: px;\\n        font-weight: \\n    }\\n}\\n@media (min-width: 960px) \\n{\\n    .el-element { \\n        font-size:28px;\\n        letter-spacing: px;\\n        font-weight: \\n           }\\n}\",\"margin\":\"default\",\"margin_remove_bottom\":true,\"margin_remove_top\":true,\"parallax_blur\":\"15,0 30%\",\"parallax_easing\":\"1\",\"parallax_end\":\"60vh + 60%\",\"parallax_opacity\":\"0.3,1\",\"parallax_y\":\"30,0\",\"parallax_zindex\":false,\"text_align\":\"justify\",\"title_element\":\"h3\",\"title_style\":\"h3\"}}]},{\"type\":\"column\",\"props\":{\"image_position\":\"center-center\",\"position_sticky_breakpoint\":\"m\",\"text_color\":\"light\",\"width_medium\":\"1-2\"},\"children\":[{\"type\":\"image\",\"props\":{\"animation\":\"parallax\",\"css\":\".el-element { will-change: transform; }\\n.el-image {\\n    border-radius: 35px;       \\n    border: 0.1px solid rgba(255, 255, 255, 0.5);\\n}\",\"image\":\"wp-content\\\/uploads\\\/2023\\\/11\\\/RIGAS-TINTE-history-003.jpg\",\"image_svg_color\":\"emphasis\",\"image_width\":\"500\",\"margin\":\"\",\"parallax_blur\":\"15,0 30%\",\"parallax_y\":\"0.3\",\"text_align\":\"right\",\"text_align_breakpoint\":\"m\",\"text_align_fallback\":\"center\"}}]}]},{\"type\":\"row\",\"props\":{\"layout\":\"1-4,3-4\",\"margin\":\"xlarge\",\"row_gap\":\"small\",\"width\":\"expand\"},\"children\":[{\"type\":\"column\",\"props\":{\"image_position\":\"center-center\",\"position_sticky_breakpoint\":\"m\",\"width_medium\":\"1-4\"}},{\"type\":\"column\",\"props\":{\"image_position\":\"center-center\",\"position_sticky_breakpoint\":\"m\",\"text_color\":\"light\",\"width_medium\":\"3-4\"},\"children\":[{\"type\":\"headline\",\"props\":{\"animation\":\"parallax\",\"content\":\"On the 8th of August 2010, R\\u012bgas Tinte celebrated its opening in Riga\\u2019s Old Town, at 14 J\\u0101\\u0146a Street. Over the years, the studio continued to grow not only in skill but also numerically, so on February 14, 2015, the location was changed to the current premises at 45\\\/47 Kri\\u0161j\\u0101\\u0146a Barona Street. With 110m2 of space and the addition of new members, R\\u012bgas Tinte has become the studio as we know it today \\u2013 a creative space for tattoo lovers and enthusiasts.\",\"css\":\"@media (min-width: 0px) and (max-width: 640px) {\\n    .el-element { \\n        font-size: 22px;\\n        letter-spacing: px;\\n        font-weight: \\n    }\\n}\\n@media (min-width: 641px) and (max-width: 960px) {\\n    .el-element { \\n        font-size: 25px;\\n        letter-spacing: px;\\n        font-weight: \\n    }\\n}\\n@media (min-width: 960px) \\n{\\n    .el-element { \\n        font-size:28px;\\n        letter-spacing: px;\\n        font-weight: \\n           }\\n}\",\"margin\":\"default\",\"margin_remove_bottom\":true,\"margin_remove_top\":true,\"parallax_blur\":\"15,0\",\"parallax_easing\":\"1\",\"parallax_end\":\"60vh + 60%\",\"parallax_opacity\":\"0.3,1\",\"parallax_y\":\"30,0\",\"parallax_zindex\":false,\"text_align\":\"justify\",\"title_element\":\"h3\",\"title_style\":\"h3\"}},{\"type\":\"fragment\",\"props\":{\"margin\":\"default\"},\"children\":[{\"type\":\"row\",\"props\":{\"layout\":\"1-2,1-2\",\"match\":false},\"children\":[{\"type\":\"column\",\"props\":{\"image_position\":\"center-center\",\"position_sticky_breakpoint\":\"m\",\"width_default\":\"1-2\",\"width_medium\":\"1-2\"},\"children\":[{\"type\":\"image\",\"props\":{\"animation\":\"parallax\",\"css\":\".el-element { will-change: transform; }\\n.el-image {\\n    border-radius: 35px;       \\n    border: 0.1px solid rgba(255, 255, 255, 0.5);\\n}\",\"image\":\"wp-content\\\/uploads\\\/2023\\\/11\\\/RIGAS-TINTE-history-002.jpg\",\"image_height\":\"500\",\"image_svg_color\":\"emphasis\",\"margin\":\"default\",\"parallax_blur\":\"15,0 30%\",\"parallax_y\":\"0.3\",\"text_align\":\"left\",\"text_align_breakpoint\":\"m\",\"text_align_fallback\":\"center\"},\"name\":\"About bilde text\\u0101\"}]},{\"type\":\"column\",\"props\":{\"image_position\":\"center-center\",\"position_sticky_breakpoint\":\"m\",\"width_default\":\"1-2\",\"width_medium\":\"1-2\"},\"children\":[{\"type\":\"image\",\"props\":{\"animation\":\"parallax\",\"css\":\".el-element { will-change: transform; }\\n.el-image {\\n    border-radius: 35px;       \\n    border: 0.1px solid rgba(255, 255, 255, 0.5);\\n}\",\"image\":\"wp-content\\\/uploads\\\/2023\\\/11\\\/RIGAS-TINTE-history-001.jpg\",\"image_height\":\"500\",\"image_svg_color\":\"emphasis\",\"image_width\":\"360\",\"margin\":\"default\",\"parallax_blur\":\"15,0 30%\",\"parallax_y\":\"0.3\",\"position\":\"relative\",\"position_top\":\"50\",\"text_align\":\"left\",\"text_align_breakpoint\":\"m\",\"text_align_fallback\":\"center\"},\"name\":\"About bilde text\\u0101\"}]}]}]}]}]},{\"type\":\"row\",\"props\":{\"column_gap\":\"small\",\"layout\":\"2-3,1-3\",\"margin\":\"xlarge\",\"row_gap\":\"small\",\"width\":\"expand\"},\"children\":[{\"type\":\"column\",\"props\":{\"image_position\":\"center-center\",\"position_sticky_breakpoint\":\"m\",\"width_medium\":\"2-3\"},\"children\":[{\"type\":\"headline\",\"props\":{\"animation\":\"parallax\",\"block_align\":\"center\",\"content\":\"\n\n<div>We sincerely believe that tattooing isn\\u2019t just about the skill and technical application. It\\u2019s about trust, commitment and understanding between the client and the studio, making the whole experience a significant and permanent memory to be proud of.<\\\/div>\",\"css\":\"@media (min-width: 0px) and (max-width: 640px) {\\n    .el-element { \\n        font-size: 22px;\\n        letter-spacing: px;\\n        font-weight: \\n    }\\n}\\n@media (min-width: 641px) and (max-width: 960px) {\\n    .el-element { \\n        font-size: 25px;\\n        letter-spacing: px;\\n        font-weight: \\n    }\\n}\\n@media (min-width: 960px) \\n{\\n    .el-element { \\n        font-size:28px;\\n        letter-spacing: px;\\n        font-weight: \\n           }\\n}\",\"margin\":\"default\",\"margin_remove_bottom\":true,\"margin_remove_top\":true,\"parallax_blur\":\"15,0 30%\",\"parallax_easing\":\"1\",\"parallax_end\":\"60vh + 60%\",\"parallax_opacity\":\"0.3,1\",\"parallax_y\":\"30,0\",\"parallax_zindex\":false,\"text_align\":\"justify\",\"title_element\":\"h3\",\"title_style\":\"h3\"}},{\"type\":\"yoo_spacer\",\"props\":{\"spacer_element\":\"div\",\"spacer_height\":150}}]},{\"type\":\"column\",\"props\":{\"image_position\":\"center-center\",\"position_sticky_breakpoint\":\"m\",\"width_medium\":\"1-3\"}}]}]},{\"type\":\"section\",\"props\":{\"divider_height\":\"120\",\"divider_position\":\"top\",\"divider_width\":\"100\",\"image_position\":\"center-center\",\"padding_custom_bottom\":\"40\",\"padding_custom_top\":\"40\",\"style\":\"primary\",\"style_custom_color\":\"#ccc\",\"title_breakpoint\":\"xl\",\"title_position\":\"top-left\",\"title_rotation\":\"left\",\"vertical_align\":\"middle\",\"width\":\"default\"},\"children\":[{\"type\":\"row\",\"props\":{\"column_gap\":\"small\",\"layout\":\"1-6,2-3,1-6\",\"margin\":\"xlarge\",\"row_gap\":\"small\",\"width\":\"expand\"},\"children\":[{\"type\":\"column\",\"props\":{\"image_position\":\"center-center\",\"position_sticky_breakpoint\":\"m\",\"width_medium\":\"1-6\"}},{\"type\":\"column\",\"props\":{\"image_position\":\"center-center\",\"position_sticky_breakpoint\":\"m\",\"width_medium\":\"2-3\"},\"children\":[{\"type\":\"image\",\"props\":{\"animation\":\"parallax\",\"css\":\".el-element { will-change: transform; }\\n.el-image {\\n    border-radius: px;       \\n    border: 0.1px solid rgba(255, 255, 255, 0.5);\\n}\\n\",\"image\":\"wp-content\\\/uploads\\\/2023\\\/09\\\/Edgars-Jancis.jpg\",\"image_border\":\"pill\",\"image_height\":\"680\",\"image_loading\":true,\"image_svg_color\":\"emphasis\",\"image_width\":\"1200\",\"margin\":\"xlarge\",\"margin_remove_bottom\":true,\"parallax_easing\":\"0.5\",\"parallax_rotate\":\"0 25%\",\"parallax_start\":\"100%\",\"position\":\"absolute\",\"position_top\":\"-21vh\",\"position_z_index\":\"0\"}},{\"type\":\"headline\",\"props\":{\"animation\":\"parallax\",\"content\":\"Edgars &amp; Jancis\",\"css\":\"@media (min-width: 0px) and (max-width: 640px) {\\n    .el-element { \\n        font-size: 35px;\\n        letter-spacing: px;\\n        font-weight: \\n    }\\n}\\n@media (min-width: 641px) and (max-width: 960px) {\\n    .el-element { \\n        font-size: 70px;\\n        letter-spacing: px;\\n        font-weight: \\n    }\\n}\\n@media (min-width: 960px) \\n{\\n    .el-element { \\n        font-size:100px;\\n        letter-spacing: px;\\n        font-weight: \\n           }\\n}\",\"margin\":\"default\",\"margin_remove_bottom\":true,\"margin_remove_top\":true,\"parallax_easing\":\"1\",\"parallax_opacity\":\"0,1 14%\",\"parallax_y\":\",-7vh 50%\",\"parallax_zindex\":false,\"position\":\"relative\",\"position_top\":\"10vh\",\"text_align\":\"center\",\"title_element\":\"h3\",\"title_style\":\"h3\"}},{\"type\":\"headline\",\"props\":{\"animation\":\"parallax\",\"block_align\":\"center\",\"content\":\"R\\u012aGAS TINTE\",\"css\":\"@media (min-width: 0px) and (max-width: 640px) {\\n    .el-element { \\n        font-size: 22px;\\n        letter-spacing: px;\\n        font-weight: \\n    }\\n}\\n@media (min-width: 641px) and (max-width: 960px) {\\n    .el-element { \\n        font-size: 25px;\\n        letter-spacing: px;\\n        font-weight: \\n    }\\n}\\n@media (min-width: 960px) \\n{\\n    .el-element { \\n        font-size:28px;\\n        letter-spacing: px;\\n        font-weight: \\n           }\\n}\",\"margin\":\"default\",\"margin_remove_bottom\":true,\"margin_remove_top\":true,\"parallax_blur\":\"15,0 30%\",\"parallax_easing\":\"1\",\"parallax_end\":\"60vh + 60%\",\"parallax_opacity\":\"0.4,1\",\"parallax_y\":\"0,-8vh 50%\",\"parallax_zindex\":false,\"position\":\"relative\",\"position_top\":\"15vh\",\"text_align\":\"center\",\"title_element\":\"h3\",\"title_style\":\"h3\"}}]},{\"type\":\"column\",\"props\":{\"image_position\":\"center-center\",\"position_sticky_breakpoint\":\"m\",\"width_medium\":\"1-6\"}}]}]},{\"type\":\"section\",\"props\":{\"divider_height\":\"120\",\"divider_position\":\"top\",\"divider_width\":\"100\",\"image_position\":\"center-center\",\"padding_custom_bottom\":\"40\",\"padding_custom_top\":\"40\",\"style\":\"primary\",\"style_custom_color\":\"#ccc\",\"title_breakpoint\":\"xl\",\"title_position\":\"top-left\",\"title_rotation\":\"left\",\"vertical_align\":\"middle\",\"width\":\"xsmall\"},\"children\":[{\"type\":\"row\",\"children\":[{\"type\":\"column\",\"props\":{\"image_position\":\"center-center\",\"position_sticky_breakpoint\":\"m\"},\"children\":[{\"type\":\"yoo_spacer\",\"props\":{\"spacer_element\":\"div\",\"spacer_height\":150}},{\"type\":\"button\",\"props\":{\"button_size\":\"large\",\"fullwidth\":true,\"grid_column_gap\":\"small\",\"grid_row_gap\":\"small\",\"margin\":\"default\",\"text_align\":\"center\"},\"children\":[{\"type\":\"button_item\",\"props\":{\"button_style\":\"default\",\"content\":\"MEET ALL ARTISTS\",\"icon_align\":\"left\",\"link\":\"\\\/en\\\/crew\\\/\"}}]}]}]}]},{\"type\":\"section\",\"props\":{\"divider_height\":\"120\",\"divider_position\":\"top\",\"divider_width\":\"100\",\"image_position\":\"center-center\",\"padding_custom_bottom\":\"40\",\"padding_custom_top\":\"40\",\"style\":\"primary\",\"style_custom_color\":\"#ccc\",\"title_breakpoint\":\"xl\",\"title_position\":\"top-left\",\"title_rotation\":\"left\",\"vertical_align\":\"middle\",\"width\":\"xlarge\"},\"children\":[{\"type\":\"row\",\"children\":[{\"type\":\"column\",\"props\":{\"image_position\":\"center-center\",\"position_sticky_breakpoint\":\"m\"},\"children\":[{\"type\":\"divider\",\"props\":{\"divider_element\":\"hr\"}}]}]}]}],\"version\":\"4.3.11\",\"yooessentialsVersion\":\"2.2.9\"} --><\/p>\n","protected":false},"excerpt":{"rendered":"<p>ABOUT R\u012aGAS TINTE Crafting Stories in Ink ESTABLISHED IN 2010, R\u012aGAS TINTE HAS BECOME A SIGNIFICANT NAME IN THE LATVIAN TATTOO INDUSTRY. OUR STUDIO COMBINES ARTISTIC KNOWLEDGE WITH LONG TRADITION AND LOVE FOR THE CRAFT. FROM DAY ONE, WE HAVE BEEN COMMITTED TO PROVIDING THE HIGHEST LEVEL OF TATTOOING EXPERIENCE, FROM THE FIRST VISIT AND [&hellip;]<\/p>\n","protected":false},"author":3,"featured_media":0,"parent":0,"menu_order":26,"comment_status":"closed","ping_status":"closed","template":"","meta":{"footnotes":""},"categories":[],"tags":[],"class_list":["post-915","page","type-page","status-publish","hentry"],"jetpack_sharing_enabled":true,"_links":{"self":[{"href":"https:\/\/rigastinte.lv\/en\/wp-json\/wp\/v2\/pages\/915","targetHints":{"allow":["GET"]}}],"collection":[{"href":"https:\/\/rigastinte.lv\/en\/wp-json\/wp\/v2\/pages"}],"about":[{"href":"https:\/\/rigastinte.lv\/en\/wp-json\/wp\/v2\/types\/page"}],"author":[{"embeddable":true,"href":"https:\/\/rigastinte.lv\/en\/wp-json\/wp\/v2\/users\/3"}],"replies":[{"embeddable":true,"href":"https:\/\/rigastinte.lv\/en\/wp-json\/wp\/v2\/comments?post=915"}],"version-history":[{"count":0,"href":"https:\/\/rigastinte.lv\/en\/wp-json\/wp\/v2\/pages\/915\/revisions"}],"wp:attachment":[{"href":"https:\/\/rigastinte.lv\/en\/wp-json\/wp\/v2\/media?parent=915"}],"wp:term":[{"taxonomy":"category","embeddable":true,"href":"https:\/\/rigastinte.lv\/en\/wp-json\/wp\/v2\/categories?post=915"},{"taxonomy":"post_tag","embeddable":true,"href":"https:\/\/rigastinte.lv\/en\/wp-json\/wp\/v2\/tags?post=915"}],"curies":[{"name":"wp","href":"https:\/\/api.w.org\/{rel}","templated":true}]}}