{"id":870,"date":"2023-10-26T19:28:51","date_gmt":"2023-10-26T16:28:51","guid":{"rendered":"https:\/\/rigastinte.lv\/karlis-ulmanis-2\/"},"modified":"2024-04-20T19:26:26","modified_gmt":"2024-04-20T16:26:26","slug":"kristaps-sausserdis","status":"publish","type":"page","link":"https:\/\/rigastinte.lv\/en\/kristaps-sausserdis\/","title":{"rendered":"Kristaps Sausserdis"},"content":{"rendered":"<p><img decoding=\"async\" src=\"\/wp-content\/uploads\/2023\/09\/DA8B2172.jpg\" alt=\"\"><\/p>\n<h2>Kristaps Sausserdis<\/h2>\n<h2>My portfolio is a showcase of my dedication to the craft. I aim to create tattoos that are not just visually appealing but also emotionally resonant for each client.<\/h2>\n<p>\n    <a href=\"https:\/\/www.instagram.com\/woodbinetattoo\/\" target=\"_blank\" rel=\"noopener\">@woodbinetattoo<\/a>\n<\/p>\n<ul>\n<li>\n<p>        <img decoding=\"async\" src=\"\/wp-content\/uploads\/2023\/09\/Kristaps-Sausserdis_Rigas-Tinte_015.jpg\" alt=\"\"><\/p>\n<h3>Kristaps Sausserdis_R\u012bgas Tinte_015<\/h3>\n<\/li>\n<li>\n<p>        <img decoding=\"async\" src=\"\/wp-content\/uploads\/2023\/09\/Kristaps-Sausserdis_Rigas-Tinte_014.jpg\" alt=\"\"><\/p>\n<h3>Kristaps Sausserdis_R\u012bgas Tinte_014<\/h3>\n<\/li>\n<li>\n<p>        <img decoding=\"async\" src=\"\/wp-content\/uploads\/2023\/09\/Kristaps-Sausserdis_Rigas-Tinte_013.jpg\" alt=\"\"><\/p>\n<h3>Kristaps Sausserdis_R\u012bgas Tinte_013<\/h3>\n<\/li>\n<li>\n<p>        <img decoding=\"async\" src=\"\/wp-content\/uploads\/2023\/09\/Kristaps-Sausserdis_Rigas-Tinte_012.jpg\" alt=\"\"><\/p>\n<h3>Kristaps Sausserdis_R\u012bgas Tinte_012<\/h3>\n<\/li>\n<li>\n<p>        <img decoding=\"async\" src=\"\/wp-content\/uploads\/2023\/09\/Kristaps-Sausserdis_Rigas-Tinte_009.jpg\" alt=\"\"><\/p>\n<h3>Kristaps Sausserdis_R\u012bgas Tinte_009<\/h3>\n<\/li>\n<li>\n<p>        <img decoding=\"async\" src=\"\/wp-content\/uploads\/2023\/09\/Kristaps-Sausserdis_Rigas-Tinte_006.jpg\" alt=\"\"><\/p>\n<h3>Kristaps Sausserdis_R\u012bgas Tinte_006<\/h3>\n<\/li>\n<li>\n<p>        <img decoding=\"async\" src=\"\/wp-content\/uploads\/2023\/09\/Kristaps-Sausserdis_Rigas-Tinte_005.jpg\" alt=\"\"><\/p>\n<h3>Kristaps Sausserdis_R\u012bgas Tinte_005<\/h3>\n<\/li>\n<li>\n<p>        <img decoding=\"async\" src=\"\/wp-content\/uploads\/2023\/09\/Kristaps-Sausserdis_Rigas-Tinte_004.jpg\" alt=\"\"><\/p>\n<h3>Kristaps Sausserdis_R\u012bgas Tinte_004<\/h3>\n<\/li>\n<li>\n<p>        <img decoding=\"async\" src=\"\/wp-content\/uploads\/2023\/09\/Kristaps-Sausserdis_Rigas-Tinte_017.jpg\" alt=\"\"><\/p>\n<h3>hdrpl<\/h3>\n<\/li>\n<li>\n<p>        <img decoding=\"async\" src=\"\/wp-content\/uploads\/2023\/09\/Kristaps-Sausserdis_Rigas-Tinte_016.jpg\" alt=\"\"><\/p>\n<h3>Kristaps Sausserdis_R\u012bgas Tinte_016<\/h3>\n<\/li>\n<li>\n<p>        <img decoding=\"async\" src=\"\/wp-content\/uploads\/2023\/09\/Kristaps-Sausserdis_Rigas-Tinte_011.jpg\" alt=\"\"><\/p>\n<h3>Kristaps Sausserdis_R\u012bgas Tinte_011<\/h3>\n<\/li>\n<li>\n<p>        <img decoding=\"async\" src=\"\/wp-content\/uploads\/2023\/09\/Kristaps-Sausserdis_Rigas-Tinte_010.jpg\" alt=\"\"><\/p>\n<h3>Kristaps Sausserdis_R\u012bgas Tinte_010<\/h3>\n<\/li>\n<li>\n<p>        <img decoding=\"async\" src=\"\/wp-content\/uploads\/2023\/09\/Kristaps-Sausserdis_Rigas-Tinte_008.jpg\" alt=\"\"><\/p>\n<h3>Kristaps Sausserdis_R\u012bgas Tinte_008<\/h3>\n<\/li>\n<li>\n<p>        <img decoding=\"async\" src=\"\/wp-content\/uploads\/2023\/09\/Kristaps-Sausserdis_Rigas-Tinte_007.jpg\" alt=\"\"><\/p>\n<h3>Kristaps Sausserdis_R\u012bgas Tinte_007<\/h3>\n<\/li>\n<li>\n<p>        <img decoding=\"async\" src=\"\/wp-content\/uploads\/2023\/09\/Kristaps-Sausserdis_Rigas-Tinte_003.jpg\" alt=\"\"><\/p>\n<h3>Kristaps Sausserdis_R\u012bgas Tinte_003<\/h3>\n<\/li>\n<li>\n<p>        <img decoding=\"async\" src=\"\/wp-content\/uploads\/2023\/09\/Kristaps-Sausserdis_Rigas-Tinte_002.jpg\" alt=\"\"><\/p>\n<h3>Kristaps Sausserdis_R\u012bgas Tinte_002<\/h3>\n<\/li>\n<li>\n<p>        <img decoding=\"async\" src=\"\/wp-content\/uploads\/2023\/09\/Kristaps-Sausserdis_Rigas-Tinte_001.jpg\" alt=\"\"><\/p>\n<h3>Kristaps Sausserdis_R\u012bgas Tinte_001<\/h3>\n<\/li>\n<\/ul>\n<p><!--more--><br \/>\n<!-- {\"type\":\"layout\",\"children\":[{\"name\":\"Hero\",\"type\":\"section\",\"props\":{\"divider_height\":\"120\",\"divider_position\":\"top\",\"divider_width\":\"100\",\"header_transparent\":\"light\",\"header_transparent_noplaceholder\":true,\"height\":\"full\",\"image\":\"wp-content\\\/uploads\\\/2023\\\/09\\\/Kristaps-Sausserdis_Rigas-Tinte_007.jpg\",\"image_effect\":\"parallax\",\"image_parallax_bgy\":\",-70vh\",\"image_position\":\"center-center\",\"image_size\":\"cover\",\"image_width\":\"1920\",\"media_overlay\":\"rgba(9, 9, 9, 0.92)\",\"padding\":\"large\",\"padding_custom_bottom\":\"40\",\"padding_custom_top\":\"40\",\"padding_remove_bottom\":false,\"padding_remove_top\":false,\"style\":\"primary\",\"style_custom_color\":\"#ccc\",\"title_breakpoint\":\"xl\",\"title_position\":\"top-left\",\"title_rotation\":\"left\",\"vertical_align\":\"middle\",\"width\":\"\"},\"children\":[{\"type\":\"row\",\"props\":{\"margin\":\"large\",\"margin_remove_bottom\":false,\"width\":\"default\"},\"children\":[{\"type\":\"column\",\"props\":{\"image_position\":\"center-center\",\"position_sticky_breakpoint\":\"m\",\"width_medium\":\"1-1\"},\"children\":[{\"type\":\"image\",\"props\":{\"animation\":\"parallax\",\"image\":\"wp-content\\\/uploads\\\/2023\\\/09\\\/DA8B2172.jpg\",\"image_border\":\"pill\",\"image_svg_color\":\"emphasis\",\"image_width\":\"220\",\"margin\":\"default\",\"parallax_rotate\":\"0\",\"parallax_y\":\",-25vh\",\"position\":\"relative\",\"position_z_index\":\"1\",\"text_align\":\"center\"}},{\"type\":\"headline\",\"props\":{\"animation\":\"parallax\",\"block_align\":\"center\",\"content\":\"Kristaps Sausserdis\",\"css\":\".el-element {\\n    text-shadow: 4px 4px 4px rgba(0, 0, 0, 1), 2px 2px 4px rgba(0, 0, 0, 1);\\n}\\n\",\"maxwidth\":\"medium\",\"parallax_opacity\":\"0.8 0%,1 32%\",\"parallax_scale\":\"0.9,1.5 56%\",\"parallax_y\":\",-35vh\",\"position\":\"relative\",\"position_top\":\"-5vh\",\"position_z_index\":\"1\",\"text_align\":\"center\",\"title_color\":\"emphasis\",\"title_element\":\"h2\",\"title_font_family\":\"default\",\"title_style\":\"h4\"},\"name\":\"V\\u0101rds Uzv\\u0101rds\"},{\"type\":\"headline\",\"props\":{\"animation\":\"parallax\",\"block_align\":\"center\",\"content\":\"My portfolio is a showcase of my dedication to the craft. I aim to create tattoos that are not just visually appealing but also emotionally resonant for each client.\",\"css\":\"@media (min-width: 0px) and (max-width: 640px) {\\n    .el-element { \\n        font-size: 14px;\\n        letter-spacing: px;\\n        font-weight: \\n    }\\n}\\n@media (min-width: 641px) and (max-width: 960px) {\\n    .el-element { \\n        font-size: 14px;\\n        letter-spacing: px;\\n        font-weight: \\n    }\\n}\\n@media (min-width: 960px) \\n{\\n    .el-element { \\n        font-size:14px;\\n        letter-spacing: px;\\n        font-weight: 400;\\n           }\\n}\",\"maxwidth\":\"large\",\"parallax_opacity\":\"0.3 0%,1 30%\",\"parallax_y\":\",-30vh\",\"position\":\"relative\",\"position_top\":\"-6vh\",\"text_align\":\"center\",\"title_color\":\"emphasis\",\"title_element\":\"h2\",\"title_font_family\":\"default\",\"title_style\":\"h6\"},\"name\":\"Info texts\"},{\"type\":\"button\",\"props\":{\"animation\":\"parallax\",\"fullwidth\":false,\"grid_column_gap\":\"small\",\"grid_row_gap\":\"small\",\"margin\":\"default\",\"parallax_y\":\"-55vh\",\"text_align\":\"center\"},\"children\":[{\"type\":\"button_item\",\"props\":{\"button_style\":\"default\",\"content\":\"@woodbinetattoo\",\"icon\":\"instagram\",\"icon_align\":\"left\",\"link\":\"https:\\\/\\\/www.instagram.com\\\/woodbinetattoo\\\/\",\"link_target\":\"blank\"}}],\"name\":\"instagram\"}]}]}],\"modified\":\"2022-01-31T11:04:54.883Z\"},{\"name\":\"Portfolio Galerija\",\"type\":\"section\",\"props\":{\"animation\":\"slide-bottom-small\",\"animation_delay\":\"true\",\"image_position\":\"center-center\",\"padding\":\"xlarge\",\"padding_remove_top\":true,\"style\":\"primary\",\"title_breakpoint\":\"xl\",\"title_position\":\"top-left\",\"title_rotation\":\"left\",\"vertical_align\":\"middle\",\"width\":\"large\"},\"children\":[{\"type\":\"row\",\"props\":{\"margin\":\"xlarge\",\"width\":\"default\"},\"children\":[{\"type\":\"column\",\"props\":{\"image_position\":\"center-center\",\"position_sticky_breakpoint\":\"m\",\"width_medium\":\"1-1\"},\"children\":[{\"type\":\"gallery\",\"props\":{\"filter_align\":\"left\",\"filter_all\":true,\"filter_grid_breakpoint\":\"m\",\"filter_grid_width\":\"auto\",\"filter_position\":\"top\",\"filter_style\":\"tab\",\"grid_column_gap\":\"small\",\"grid_default\":\"2\",\"grid_divider\":false,\"grid_large\":\"4\",\"grid_medium\":\"3\",\"grid_parallax\":\"200\",\"grid_row_gap\":\"small\",\"grid_small\":\"2\",\"grid_xlarge\":\"4\",\"image_height\":\"620\",\"image_orientation\":true,\"image_width\":\"620\",\"item_animation\":true,\"lightbox\":true,\"lightbox_image_height\":\"900\",\"link_style\":\"default\",\"link_text\":\"\",\"margin\":\"default\",\"meta_align\":\"below-title\",\"meta_element\":\"div\",\"meta_style\":\"text-meta\",\"overlay_hover\":true,\"overlay_link\":true,\"overlay_mode\":\"cover\",\"overlay_position\":\"center\",\"overlay_style\":\"overlay-primary\",\"overlay_transition\":\"fade\",\"parallax_easing\":\"1\",\"show_content\":true,\"show_hover_image\":true,\"show_link\":true,\"show_meta\":true,\"show_title\":false,\"text_align\":\"center\",\"text_color\":\"\",\"title_display\":\"item\",\"title_element\":\"h3\",\"title_hover_style\":\"reset\"},\"children\":[{\"type\":\"gallery_item\",\"props\":{\"image\":\"wp-content\\\/uploads\\\/2023\\\/09\\\/Kristaps-Sausserdis_Rigas-Tinte_015.jpg\",\"title\":\"Kristaps Sausserdis_R\\u012bgas Tinte_015\"}},{\"type\":\"gallery_item\",\"props\":{\"image\":\"wp-content\\\/uploads\\\/2023\\\/09\\\/Kristaps-Sausserdis_Rigas-Tinte_014.jpg\",\"title\":\"Kristaps Sausserdis_R\\u012bgas Tinte_014\"}},{\"type\":\"gallery_item\",\"props\":{\"image\":\"wp-content\\\/uploads\\\/2023\\\/09\\\/Kristaps-Sausserdis_Rigas-Tinte_013.jpg\",\"title\":\"Kristaps Sausserdis_R\\u012bgas Tinte_013\"}},{\"type\":\"gallery_item\",\"props\":{\"image\":\"wp-content\\\/uploads\\\/2023\\\/09\\\/Kristaps-Sausserdis_Rigas-Tinte_012.jpg\",\"title\":\"Kristaps Sausserdis_R\\u012bgas Tinte_012\"}},{\"type\":\"gallery_item\",\"props\":{\"image\":\"wp-content\\\/uploads\\\/2023\\\/09\\\/Kristaps-Sausserdis_Rigas-Tinte_009.jpg\",\"title\":\"Kristaps Sausserdis_R\\u012bgas Tinte_009\"}},{\"type\":\"gallery_item\",\"props\":{\"image\":\"wp-content\\\/uploads\\\/2023\\\/09\\\/Kristaps-Sausserdis_Rigas-Tinte_006.jpg\",\"title\":\"Kristaps Sausserdis_R\\u012bgas Tinte_006\"}},{\"type\":\"gallery_item\",\"props\":{\"image\":\"wp-content\\\/uploads\\\/2023\\\/09\\\/Kristaps-Sausserdis_Rigas-Tinte_005.jpg\",\"title\":\"Kristaps Sausserdis_R\\u012bgas Tinte_005\"}},{\"type\":\"gallery_item\",\"props\":{\"image\":\"wp-content\\\/uploads\\\/2023\\\/09\\\/Kristaps-Sausserdis_Rigas-Tinte_004.jpg\",\"title\":\"Kristaps Sausserdis_R\\u012bgas Tinte_004\"}},{\"type\":\"gallery_item\",\"props\":{\"image\":\"wp-content\\\/uploads\\\/2023\\\/09\\\/Kristaps-Sausserdis_Rigas-Tinte_017.jpg\",\"title\":\"hdrpl\"}},{\"type\":\"gallery_item\",\"props\":{\"image\":\"wp-content\\\/uploads\\\/2023\\\/09\\\/Kristaps-Sausserdis_Rigas-Tinte_016.jpg\",\"title\":\"Kristaps Sausserdis_R\\u012bgas Tinte_016\"}},{\"type\":\"gallery_item\",\"props\":{\"image\":\"wp-content\\\/uploads\\\/2023\\\/09\\\/Kristaps-Sausserdis_Rigas-Tinte_011.jpg\",\"title\":\"Kristaps Sausserdis_R\\u012bgas Tinte_011\"}},{\"type\":\"gallery_item\",\"props\":{\"image\":\"wp-content\\\/uploads\\\/2023\\\/09\\\/Kristaps-Sausserdis_Rigas-Tinte_010.jpg\",\"title\":\"Kristaps Sausserdis_R\\u012bgas Tinte_010\"}},{\"type\":\"gallery_item\",\"props\":{\"image\":\"wp-content\\\/uploads\\\/2023\\\/09\\\/Kristaps-Sausserdis_Rigas-Tinte_008.jpg\",\"title\":\"Kristaps Sausserdis_R\\u012bgas Tinte_008\"}},{\"type\":\"gallery_item\",\"props\":{\"image\":\"wp-content\\\/uploads\\\/2023\\\/09\\\/Kristaps-Sausserdis_Rigas-Tinte_007.jpg\",\"title\":\"Kristaps Sausserdis_R\\u012bgas Tinte_007\"}},{\"type\":\"gallery_item\",\"props\":{\"image\":\"wp-content\\\/uploads\\\/2023\\\/09\\\/Kristaps-Sausserdis_Rigas-Tinte_003.jpg\",\"title\":\"Kristaps Sausserdis_R\\u012bgas Tinte_003\"}},{\"type\":\"gallery_item\",\"props\":{\"image\":\"wp-content\\\/uploads\\\/2023\\\/09\\\/Kristaps-Sausserdis_Rigas-Tinte_002.jpg\",\"title\":\"Kristaps Sausserdis_R\\u012bgas Tinte_002\"}},{\"type\":\"gallery_item\",\"props\":{\"image\":\"wp-content\\\/uploads\\\/2023\\\/09\\\/Kristaps-Sausserdis_Rigas-Tinte_001.jpg\",\"title\":\"Kristaps Sausserdis_R\\u012bgas Tinte_001\"}}],\"name\":\"Gallery\"}]}]}]}],\"version\":\"4.3.11\",\"yooessentialsVersion\":\"2.2.9\"} --><\/p>\n","protected":false},"excerpt":{"rendered":"<p>Kristaps Sausserdis My portfolio is a showcase of my dedication to the craft. I aim to create tattoos that are not just visually appealing but also emotionally resonant for each client. @woodbinetattoo Kristaps Sausserdis_R\u012bgas Tinte_015 Kristaps Sausserdis_R\u012bgas Tinte_014 Kristaps Sausserdis_R\u012bgas Tinte_013 Kristaps Sausserdis_R\u012bgas Tinte_012 Kristaps Sausserdis_R\u012bgas Tinte_009 Kristaps Sausserdis_R\u012bgas Tinte_006 Kristaps Sausserdis_R\u012bgas Tinte_005 Kristaps Sausserdis_R\u012bgas [&hellip;]<\/p>\n","protected":false},"author":3,"featured_media":0,"parent":0,"menu_order":42,"comment_status":"closed","ping_status":"closed","template":"","meta":{"footnotes":""},"categories":[7],"tags":[],"class_list":["post-870","page","type-page","status-publish","hentry","category-portfolio"],"jetpack_sharing_enabled":true,"_links":{"self":[{"href":"https:\/\/rigastinte.lv\/en\/wp-json\/wp\/v2\/pages\/870","targetHints":{"allow":["GET"]}}],"collection":[{"href":"https:\/\/rigastinte.lv\/en\/wp-json\/wp\/v2\/pages"}],"about":[{"href":"https:\/\/rigastinte.lv\/en\/wp-json\/wp\/v2\/types\/page"}],"author":[{"embeddable":true,"href":"https:\/\/rigastinte.lv\/en\/wp-json\/wp\/v2\/users\/3"}],"replies":[{"embeddable":true,"href":"https:\/\/rigastinte.lv\/en\/wp-json\/wp\/v2\/comments?post=870"}],"version-history":[{"count":0,"href":"https:\/\/rigastinte.lv\/en\/wp-json\/wp\/v2\/pages\/870\/revisions"}],"wp:attachment":[{"href":"https:\/\/rigastinte.lv\/en\/wp-json\/wp\/v2\/media?parent=870"}],"wp:term":[{"taxonomy":"category","embeddable":true,"href":"https:\/\/rigastinte.lv\/en\/wp-json\/wp\/v2\/categories?post=870"},{"taxonomy":"post_tag","embeddable":true,"href":"https:\/\/rigastinte.lv\/en\/wp-json\/wp\/v2\/tags?post=870"}],"curies":[{"name":"wp","href":"https:\/\/api.w.org\/{rel}","templated":true}]}}