{"id":863,"date":"2023-10-26T19:28:03","date_gmt":"2023-10-26T16:28:03","guid":{"rendered":"https:\/\/rigastinte.lv\/?page_id=863"},"modified":"2024-04-20T19:24:01","modified_gmt":"2024-04-20T16:24:01","slug":"janis-kinens","status":"publish","type":"page","link":"https:\/\/rigastinte.lv\/en\/janis-kinens\/","title":{"rendered":"J\u0101nis Kin\u0113ns"},"content":{"rendered":"<p><img decoding=\"async\" src=\"\/wp-content\/uploads\/2023\/09\/DA8B2217.jpg\" alt=\"\"><\/p>\n<h2>J\u0101nis Kin\u0113ns<\/h2>\n<h2>I&#8217;ve been in the tattooing industry since 2006 and had the enriching experience of honing my skills for five years at Hammersmith Tattoo in London. This international exposure has deeply influenced my artistic approach. I specialize in realism, black and gray, as well as neo-traditional styles. Each tattoo I create is a blend of technical skill and artistic flair, aiming to capture the essence of what my clients are looking to express.<\/h2>\n<p>\n    <a href=\"https:\/\/www.instagram.com\/kinkeddotme\/\" target=\"_blank\" rel=\"noopener\">@KINKEDDOTME<\/a>\n<\/p>\n<ul>\n<li>\n<p>        <img decoding=\"async\" src=\"\/wp-content\/uploads\/2023\/10\/Janis-Kinens_Rigas-Tinte_011.jpg\" alt=\"\"><\/p>\n<h3>J\u0101nis Kin\u0113ns_R\u012bgas Tinte_011<\/h3>\n<\/li>\n<li>\n<p>        <img decoding=\"async\" src=\"\/wp-content\/uploads\/2023\/10\/Janis-Kinens_Rigas-Tinte_010.jpg\" alt=\"\"><\/p>\n<h3>J\u0101nis Kin\u0113ns_R\u012bgas Tinte_010<\/h3>\n<\/li>\n<li>\n<p>        <img decoding=\"async\" src=\"\/wp-content\/uploads\/2023\/10\/Janis-Kinens_Rigas-Tinte_009.jpg\" alt=\"\"><\/p>\n<h3>J\u0101nis Kin\u0113ns_R\u012bgas Tinte_009<\/h3>\n<\/li>\n<li>\n<p>        <img decoding=\"async\" src=\"\/wp-content\/uploads\/2023\/10\/Janis-Kinens_Rigas-Tinte_008.jpg\" alt=\"\"><\/p>\n<h3>J\u0101nis Kin\u0113ns_R\u012bgas Tinte_008<\/h3>\n<\/li>\n<li>\n<p>        <img decoding=\"async\" src=\"\/wp-content\/uploads\/2023\/10\/Janis-Kinens_Rigas-Tinte_007.jpg\" alt=\"\"><\/p>\n<h3>J\u0101nis Kin\u0113ns_R\u012bgas Tinte_007<\/h3>\n<\/li>\n<li>\n<p>        <img decoding=\"async\" src=\"\/wp-content\/uploads\/2023\/10\/Janis-Kinens_Rigas-Tinte_006.jpg\" alt=\"\"><\/p>\n<h3>J\u0101nis Kin\u0113ns_R\u012bgas Tinte_006<\/h3>\n<\/li>\n<li>\n<p>        <img decoding=\"async\" src=\"\/wp-content\/uploads\/2023\/10\/Janis-Kinens_Rigas-Tinte_005.jpg\" alt=\"\"><\/p>\n<h3>J\u0101nis Kin\u0113ns_R\u012bgas Tinte_005<\/h3>\n<\/li>\n<li>\n<p>        <img decoding=\"async\" src=\"\/wp-content\/uploads\/2023\/10\/Janis-Kinens_Rigas-Tinte_004.jpg\" alt=\"\"><\/p>\n<h3>J\u0101nis Kin\u0113ns_R\u012bgas Tinte_004<\/h3>\n<\/li>\n<li>\n<p>        <img decoding=\"async\" src=\"\/wp-content\/uploads\/2023\/10\/Janis-Kinens_Rigas-Tinte_003.jpg\" alt=\"\"><\/p>\n<h3>J\u0101nis Kin\u0113ns_R\u012bgas Tinte_003<\/h3>\n<\/li>\n<li>\n<p>        <img decoding=\"async\" src=\"\/wp-content\/uploads\/2023\/10\/Janis-Kinens_Rigas-Tinte_002.jpg\" alt=\"\"><\/p>\n<h3>J\u0101nis Kin\u0113ns_R\u012bgas Tinte_002<\/h3>\n<\/li>\n<li>\n<p>        <img decoding=\"async\" src=\"\/wp-content\/uploads\/2023\/10\/Janis-Kinens_Rigas-Tinte_001.jpg\" alt=\"\"><\/p>\n<h3>J\u0101nis Kin\u0113ns_R\u012bgas Tinte_001<\/h3>\n<\/li>\n<\/ul>\n<p><!--more--><br \/>\n<!-- {\"type\":\"layout\",\"children\":[{\"name\":\"Hero\",\"type\":\"section\",\"props\":{\"divider_height\":\"120\",\"divider_position\":\"top\",\"divider_width\":\"100\",\"header_transparent\":\"light\",\"header_transparent_noplaceholder\":true,\"height\":\"full\",\"image\":\"wp-content\\\/uploads\\\/2023\\\/10\\\/Janis-Kinens_Rigas-Tinte_005.jpg\",\"image_effect\":\"parallax\",\"image_loading\":true,\"image_parallax_bgy\":\",-70vh\",\"image_position\":\"bottom-center\",\"image_size\":\"cover\",\"image_width\":\"1920\",\"media_overlay\":\"rgba(9, 9, 9, 0.92)\",\"padding\":\"large\",\"padding_custom_bottom\":\"40\",\"padding_custom_top\":\"40\",\"padding_remove_bottom\":false,\"padding_remove_top\":false,\"style\":\"primary\",\"style_custom_color\":\"#ccc\",\"title_breakpoint\":\"xl\",\"title_position\":\"top-left\",\"title_rotation\":\"left\",\"vertical_align\":\"middle\",\"width\":\"\"},\"children\":[{\"type\":\"row\",\"props\":{\"margin\":\"large\",\"margin_remove_bottom\":false,\"width\":\"default\"},\"children\":[{\"type\":\"column\",\"props\":{\"image_position\":\"center-center\",\"position_sticky_breakpoint\":\"m\",\"width_medium\":\"1-1\"},\"children\":[{\"type\":\"image\",\"props\":{\"animation\":\"parallax\",\"image\":\"wp-content\\\/uploads\\\/2023\\\/09\\\/DA8B2217.jpg\",\"image_border\":\"pill\",\"image_svg_color\":\"emphasis\",\"image_width\":\"220\",\"margin\":\"default\",\"parallax_rotate\":\"0\",\"parallax_y\":\",-25vh\",\"position\":\"relative\",\"position_z_index\":\"1\",\"text_align\":\"center\"}},{\"type\":\"headline\",\"props\":{\"animation\":\"parallax\",\"block_align\":\"center\",\"content\":\"J\\u0101nis Kin\\u0113ns\",\"css\":\".el-element {\\n    text-shadow: 4px 4px 4px rgba(0, 0, 0, 1), 2px 2px 4px rgba(0, 0, 0, 1);\\n}\\n\",\"maxwidth\":\"medium\",\"parallax_opacity\":\"0.8 0%,1 32%\",\"parallax_scale\":\"0.9,1.5 56%\",\"parallax_y\":\",-35vh\",\"position\":\"relative\",\"position_top\":\"-5vh\",\"position_z_index\":\"1\",\"text_align\":\"center\",\"title_color\":\"emphasis\",\"title_element\":\"h2\",\"title_font_family\":\"default\",\"title_style\":\"h4\"},\"name\":\"V\\u0101rds Uzv\\u0101rds\"},{\"type\":\"headline\",\"props\":{\"animation\":\"parallax\",\"block_align\":\"center\",\"content\":\"I've been in the tattooing industry since 2006 and had the enriching experience of honing my skills for five years at Hammersmith Tattoo in London. This international exposure has deeply influenced my artistic approach. I specialize in realism, black and gray, as well as neo-traditional styles. Each tattoo I create is a blend of technical skill and artistic flair, aiming to capture the essence of what my clients are looking to express.\",\"css\":\"@media (min-width: 0px) and (max-width: 640px) {\\n    .el-element { \\n        font-size: 14px;\\n        letter-spacing: px;\\n        font-weight: \\n    }\\n}\\n@media (min-width: 641px) and (max-width: 960px) {\\n    .el-element { \\n        font-size: 14px;\\n        letter-spacing: px;\\n        font-weight: \\n    }\\n}\\n@media (min-width: 960px) \\n{\\n    .el-element { \\n        font-size:14px;\\n        letter-spacing: px;\\n        font-weight: 400;\\n           }\\n}\",\"maxwidth\":\"large\",\"parallax_opacity\":\"0.3 0%,1 30%\",\"parallax_y\":\",-30vh\",\"position\":\"relative\",\"position_top\":\"-6vh\",\"text_align\":\"center\",\"title_color\":\"emphasis\",\"title_element\":\"h2\",\"title_font_family\":\"default\",\"title_style\":\"h6\"},\"name\":\"Info texts\"},{\"type\":\"button\",\"props\":{\"animation\":\"parallax\",\"fullwidth\":false,\"grid_column_gap\":\"small\",\"grid_row_gap\":\"small\",\"margin\":\"default\",\"parallax_y\":\"-55vh\",\"text_align\":\"center\"},\"children\":[{\"type\":\"button_item\",\"props\":{\"button_style\":\"default\",\"content\":\"@KINKEDDOTME\",\"icon\":\"instagram\",\"icon_align\":\"left\",\"link\":\"https:\\\/\\\/www.instagram.com\\\/kinkeddotme\\\/\",\"link_target\":\"blank\"}}],\"name\":\"instagram\"}]}]}],\"modified\":\"2022-01-31T11:04:54.883Z\"},{\"name\":\"Portfolio Galerija\",\"type\":\"section\",\"props\":{\"animation\":\"slide-bottom-small\",\"animation_delay\":\"true\",\"image_position\":\"center-center\",\"padding\":\"xlarge\",\"padding_remove_top\":true,\"style\":\"primary\",\"title_breakpoint\":\"xl\",\"title_position\":\"top-left\",\"title_rotation\":\"left\",\"vertical_align\":\"middle\",\"width\":\"large\"},\"children\":[{\"type\":\"row\",\"props\":{\"margin\":\"xlarge\",\"width\":\"default\"},\"children\":[{\"type\":\"column\",\"props\":{\"image_position\":\"center-center\",\"position_sticky_breakpoint\":\"m\",\"width_medium\":\"1-1\"},\"children\":[{\"type\":\"gallery\",\"props\":{\"filter_align\":\"left\",\"filter_all\":true,\"filter_grid_breakpoint\":\"m\",\"filter_grid_width\":\"auto\",\"filter_position\":\"top\",\"filter_style\":\"tab\",\"grid_column_gap\":\"small\",\"grid_default\":\"2\",\"grid_divider\":false,\"grid_large\":\"5\",\"grid_medium\":\"3\",\"grid_parallax\":\"200\",\"grid_row_gap\":\"small\",\"grid_small\":\"2\",\"grid_xlarge\":\"5\",\"image_height\":\"620\",\"image_orientation\":true,\"image_width\":\"620\",\"item_animation\":true,\"lightbox\":true,\"lightbox_image_height\":\"900\",\"link_style\":\"default\",\"link_text\":\"\",\"margin\":\"default\",\"meta_align\":\"below-title\",\"meta_element\":\"div\",\"meta_style\":\"text-meta\",\"overlay_hover\":true,\"overlay_link\":true,\"overlay_mode\":\"cover\",\"overlay_position\":\"center\",\"overlay_style\":\"overlay-primary\",\"overlay_transition\":\"fade\",\"parallax_easing\":\"1\",\"show_content\":true,\"show_hover_image\":true,\"show_link\":true,\"show_meta\":true,\"show_title\":false,\"text_align\":\"center\",\"text_color\":\"\",\"title_display\":\"item\",\"title_element\":\"h3\",\"title_hover_style\":\"reset\"},\"children\":[{\"type\":\"gallery_item\",\"props\":{\"image\":\"wp-content\\\/uploads\\\/2023\\\/10\\\/Janis-Kinens_Rigas-Tinte_011.jpg\",\"title\":\"J\\u0101nis Kin\\u0113ns_R\\u012bgas Tinte_011\"}},{\"type\":\"gallery_item\",\"props\":{\"image\":\"wp-content\\\/uploads\\\/2023\\\/10\\\/Janis-Kinens_Rigas-Tinte_010.jpg\",\"title\":\"J\\u0101nis Kin\\u0113ns_R\\u012bgas Tinte_010\"}},{\"type\":\"gallery_item\",\"props\":{\"image\":\"wp-content\\\/uploads\\\/2023\\\/10\\\/Janis-Kinens_Rigas-Tinte_009.jpg\",\"title\":\"J\\u0101nis Kin\\u0113ns_R\\u012bgas Tinte_009\"}},{\"type\":\"gallery_item\",\"props\":{\"image\":\"wp-content\\\/uploads\\\/2023\\\/10\\\/Janis-Kinens_Rigas-Tinte_008.jpg\",\"title\":\"J\\u0101nis Kin\\u0113ns_R\\u012bgas Tinte_008\"}},{\"type\":\"gallery_item\",\"props\":{\"image\":\"wp-content\\\/uploads\\\/2023\\\/10\\\/Janis-Kinens_Rigas-Tinte_007.jpg\",\"title\":\"J\\u0101nis Kin\\u0113ns_R\\u012bgas Tinte_007\"}},{\"type\":\"gallery_item\",\"props\":{\"image\":\"wp-content\\\/uploads\\\/2023\\\/10\\\/Janis-Kinens_Rigas-Tinte_006.jpg\",\"title\":\"J\\u0101nis Kin\\u0113ns_R\\u012bgas Tinte_006\"}},{\"type\":\"gallery_item\",\"props\":{\"image\":\"wp-content\\\/uploads\\\/2023\\\/10\\\/Janis-Kinens_Rigas-Tinte_005.jpg\",\"title\":\"J\\u0101nis Kin\\u0113ns_R\\u012bgas Tinte_005\"}},{\"type\":\"gallery_item\",\"props\":{\"image\":\"wp-content\\\/uploads\\\/2023\\\/10\\\/Janis-Kinens_Rigas-Tinte_004.jpg\",\"title\":\"J\\u0101nis Kin\\u0113ns_R\\u012bgas Tinte_004\"}},{\"type\":\"gallery_item\",\"props\":{\"image\":\"wp-content\\\/uploads\\\/2023\\\/10\\\/Janis-Kinens_Rigas-Tinte_003.jpg\",\"title\":\"J\\u0101nis Kin\\u0113ns_R\\u012bgas Tinte_003\"}},{\"type\":\"gallery_item\",\"props\":{\"image\":\"wp-content\\\/uploads\\\/2023\\\/10\\\/Janis-Kinens_Rigas-Tinte_002.jpg\",\"title\":\"J\\u0101nis Kin\\u0113ns_R\\u012bgas Tinte_002\"}},{\"type\":\"gallery_item\",\"props\":{\"image\":\"wp-content\\\/uploads\\\/2023\\\/10\\\/Janis-Kinens_Rigas-Tinte_001.jpg\",\"title\":\"J\\u0101nis Kin\\u0113ns_R\\u012bgas Tinte_001\"}}],\"name\":\"Gallery\"}]}]}]}],\"version\":\"4.3.11\",\"yooessentialsVersion\":\"2.2.9\"} --><\/p>\n","protected":false},"excerpt":{"rendered":"<p>J\u0101nis Kin\u0113ns I&#8217;ve been in the tattooing industry since 2006 and had the enriching experience of honing my skills for five years at Hammersmith Tattoo in London. This international exposure has deeply influenced my artistic approach. I specialize in realism, black and gray, as well as neo-traditional styles. Each tattoo I create is a blend [&hellip;]<\/p>\n","protected":false},"author":3,"featured_media":0,"parent":0,"menu_order":40,"comment_status":"closed","ping_status":"closed","template":"","meta":{"footnotes":""},"categories":[7],"tags":[],"class_list":["post-863","page","type-page","status-publish","hentry","category-portfolio"],"jetpack_sharing_enabled":true,"_links":{"self":[{"href":"https:\/\/rigastinte.lv\/en\/wp-json\/wp\/v2\/pages\/863","targetHints":{"allow":["GET"]}}],"collection":[{"href":"https:\/\/rigastinte.lv\/en\/wp-json\/wp\/v2\/pages"}],"about":[{"href":"https:\/\/rigastinte.lv\/en\/wp-json\/wp\/v2\/types\/page"}],"author":[{"embeddable":true,"href":"https:\/\/rigastinte.lv\/en\/wp-json\/wp\/v2\/users\/3"}],"replies":[{"embeddable":true,"href":"https:\/\/rigastinte.lv\/en\/wp-json\/wp\/v2\/comments?post=863"}],"version-history":[{"count":0,"href":"https:\/\/rigastinte.lv\/en\/wp-json\/wp\/v2\/pages\/863\/revisions"}],"wp:attachment":[{"href":"https:\/\/rigastinte.lv\/en\/wp-json\/wp\/v2\/media?parent=863"}],"wp:term":[{"taxonomy":"category","embeddable":true,"href":"https:\/\/rigastinte.lv\/en\/wp-json\/wp\/v2\/categories?post=863"},{"taxonomy":"post_tag","embeddable":true,"href":"https:\/\/rigastinte.lv\/en\/wp-json\/wp\/v2\/tags?post=863"}],"curies":[{"name":"wp","href":"https:\/\/api.w.org\/{rel}","templated":true}]}}