{"id":38,"date":"2023-10-26T16:21:43","date_gmt":"2023-10-26T13:21:43","guid":{"rendered":"https:\/\/rigastinte.lv\/?page_id=38"},"modified":"2024-04-19T14:44:12","modified_gmt":"2024-04-19T11:44:12","slug":"contact","status":"publish","type":"page","link":"https:\/\/rigastinte.lv\/en\/contact\/","title":{"rendered":"Contact"},"content":{"rendered":"<p><img decoding=\"async\" src=\"\/wp-content\/uploads\/2023\/07\/TINTE.svg\" alt=\"\"><br \/>\n<img decoding=\"async\" src=\"\/wp-content\/uploads\/2023\/07\/RIGS.svg\" alt=\"\"><br \/>\n<img decoding=\"async\" src=\"\/wp-content\/uploads\/2023\/09\/DA8B2467-HDR.jpg\" alt=\"\"><\/p>\n<div>Ink Us A Message<\/div>\n<h1>For All Things <strong><em>TATTOO<\/em><\/strong><\/h1>\n<hr>\n<p><img decoding=\"async\" src=\"\/wp-content\/uploads\/2023\/09\/DA8B2473-HDR.jpg\" alt=\"\"><\/p>\n<div>\n<h2>Tattoo Studio<\/h2>\n<p>courtyard, entrance through black metal gate<\/p>\n<div>\n<p>Kri\u0161j\u0101\u0146a Barona iela 45\/47, R\u012bga<\/p>\n<\/div>\n<p><a href=\"https:\/\/www.google.com\/maps\/place\/R%C4%ABgas+Tinte\/@56.9555125,24.1294114,19z\/data=!4m15!1m8!3m7!1s0x46eecfcccc758483:0x4f19b970d8a0e70c!2zS3JpxaFqxIHFhmEgQmFyb25hIGllbGEgNDUvNDcsIENlbnRyYSByYWpvbnMsIFLEq2dhLCBMVi0xMDEx!3b1!8m2!3d56.9555598!4d24.1295641!16s%2Fg%2F11c5my9n4y!3m5!1s0x46eecfd69fa480ed:0xbdc29e0b686236a0!8m2!3d56.9554845!4d24.1289515!16s%2Fg%2F1tf1mhxp?entry=ttu\" target=\"_blank\" rel=\"noopener\">OPEN IN MAP<\/a><\/p>\n<\/div>\n<p>\n    <a href=\"https:\/\/waze.com\/ul\/hud1hj06kq\" target=\"_blank\" rel=\"noopener\">USE WAZE TO DRIVE TO R\u012aGAS TINTE<\/a>\n<\/p>\n<h2>Let\u2019s Talk<\/h2>\n<div><a href=\"mailto:info@rigastinte.lv\">info@rigastinte.lv<\/a><\/div>\n<div><a href=\"tel:+371 67 22 50 55\">+371 67 22 50 55<\/a><\/div>\n<p>\n    <a href=\"\/%20https:\/api.whatsapp.com\/send?phone=+37120094430&amp;text=Hi%21%3A%29\">+371 20094430<\/a>\n<\/p>\n<hr>\n<h2>Working Hours<\/h2>\n<div>\n<h3>Mon &#8211; Fri<\/h3>\n<div>\n<p>10 AM &#8211; 6 PM<\/p>\n<\/div>\n<\/div>\n<div>\n<h3>Sat \u2013 Sun<\/h3>\n<div>\n<p><span>Day off<\/span><\/p>\n<\/div>\n<\/div>\n<ul>\n<li><a href=\"https:\/\/www.facebook.com\/rigastinte\" target=\"_blank\" rel=\"noopener\">facebook<\/a>\n<\/li>\n<li><a href=\"https:\/\/www.instagram.com\/rigastintetattoo\/\" target=\"_blank\" rel=\"noopener\">instagram<\/a>\n<\/li>\n<\/ul>\n<hr>\n<div>Follow us<\/div>\n<ul>\n<li><a href=\"https:\/\/www.facebook.com\/rigastinte\" target=\"_blank\" rel=\"noopener\">facebook<\/a>\n<\/li>\n<li><a href=\"https:\/\/www.instagram.com\/rigastintetattoo\/\" target=\"_blank\" rel=\"noopener\">instagram<\/a>\n<\/li>\n<\/ul>\n<div><\/div>\n<hr>\n<div>Company details<\/div>\n<div>\n<p>SIA \u201cRGS TNT\u201d,<br \/>re\u0123. Nr. LV40103615601,<br \/>jur. Adrese: J\u016brmalas gatve 107, R\u012bga, LV 1029<\/p>\n<\/div>\n<div>\n<p>A\/S&#8221;Swedbank&#8221;<br \/>LV12HABA0551034250016<br \/>SWIFT:HABALV22<\/p>\n<\/div>\n<p><!--more--><br \/>\n<!-- {\"type\":\"layout\",\"children\":[{\"type\":\"section\",\"props\":{\"animation\":\"slide-left-small\",\"animation_delay\":\"25\",\"divider_height\":\"120\",\"divider_position\":\"top\",\"divider_width\":\"100\",\"header_transparent\":\"dark\",\"header_transparent_noplaceholder\":false,\"height\":\"full\",\"image_position\":\"center-center\",\"overlap\":false,\"padding_custom_bottom\":\"40\",\"padding_custom_top\":\"40\",\"padding_remove_bottom\":false,\"padding_remove_top\":false,\"style\":\"default\",\"style_custom_color\":\"#FBF6EB\",\"title_breakpoint\":\"xl\",\"title_position\":\"top-left\",\"title_rotation\":\"left\",\"vertical_align\":\"middle\",\"width\":\"\"},\"children\":[{\"type\":\"row\",\"props\":{\"layout\":\"1-5,1-5,3-5|1-2,1-2,1-1\",\"margin\":\"remove-vertical\",\"row_gap\":\"collapse\"},\"children\":[{\"type\":\"column\",\"props\":{\"image_position\":\"center-center\",\"position_sticky_breakpoint\":\"m\",\"vertical_align\":\"bottom\",\"width_default\":\"1-5\"},\"children\":[{\"type\":\"image\",\"props\":{\"animation\":\"parallax\",\"css\":\".el-image { max-width: 9vw; }\",\"image\":\"wp-content\\\/uploads\\\/2023\\\/07\\\/TINTE.svg\",\"image_height\":\"1132\",\"image_svg_color\":\"secondary\",\"image_svg_inline\":true,\"image_width\":\"216\",\"margin\":\"default\",\"parallax_easing\":\"1\",\"parallax_y\":\"0,-200\",\"position\":\"absolute\",\"position_top\":\"-3vw\",\"position_z_index\":\"1\",\"text_align\":\"center\",\"visibility\":\"l\"}}]},{\"type\":\"column\",\"props\":{\"image_position\":\"center-center\",\"position_sticky_breakpoint\":\"m\",\"width_default\":\"1-5\"},\"children\":[{\"type\":\"image\",\"props\":{\"animation\":\"parallax\",\"css\":\".el-image { max-width: 9vw; }\",\"image\":\"wp-content\\\/uploads\\\/2023\\\/07\\\/RIGS.svg\",\"image_height\":\"1035\",\"image_svg_color\":\"secondary\",\"image_svg_inline\":true,\"image_width\":\"216\",\"margin\":\"default\",\"parallax_easing\":\"1\",\"parallax_y\":\",-10vw\",\"position\":\"absolute\",\"position_left\":\"-5vw\",\"position_top\":\"15vw\",\"position_z_index\":\"1\",\"text_align\":\"left\",\"visibility\":\"l\"}}]},{\"type\":\"column\",\"props\":{\"image_position\":\"center-center\",\"position_sticky_breakpoint\":\"m\",\"width_default\":\"expand\"}}]},{\"type\":\"row\",\"children\":[{\"type\":\"column\",\"props\":{\"image_position\":\"center-center\",\"position_sticky_breakpoint\":\"m\",\"width_medium\":\"2-5\"},\"children\":[{\"type\":\"image\",\"props\":{\"animation\":\"parallax\",\"image\":\"wp-content\\\/uploads\\\/2023\\\/09\\\/DA8B2467-HDR.jpg\",\"image_height\":\"800\",\"image_svg_color\":\"emphasis\",\"image_width\":\"450\",\"margin\":\"default\",\"parallax_breakpoint\":\"m\",\"parallax_easing\":\"1\",\"parallax_y\":\"0,-50\",\"text_align\":\"left\",\"visibility\":\"m\"}}]},{\"type\":\"column\",\"props\":{\"image_position\":\"center-center\",\"position_sticky_breakpoint\":\"m\",\"width_medium\":\"3-5\"},\"children\":[{\"type\":\"headline\",\"props\":{\"content\":\"Ink Us A Message\",\"margin\":\"small\",\"margin_remove_bottom\":false,\"maxwidth\":\"large\",\"title_element\":\"div\",\"title_style\":\"h6\"}},{\"type\":\"headline\",\"props\":{\"content\":\"For All Things <strong><em>TATTOO<\\\/em><\\\/strong>\",\"margin\":\"medium\",\"margin_remove_top\":true,\"maxwidth\":\"xlarge\",\"title_element\":\"h1\",\"title_font_family\":\"default\",\"title_style\":\"heading-small\"}},{\"type\":\"divider\",\"props\":{\"divider_element\":\"hr\",\"maxwidth\":\"medium\"}},{\"type\":\"image\",\"props\":{\"animation\":\"parallax\",\"image\":\"wp-content\\\/uploads\\\/2023\\\/09\\\/DA8B2473-HDR.jpg\",\"image_height\":\"400\",\"image_svg_color\":\"emphasis\",\"image_width\":\"900\",\"margin\":\"default\",\"parallax_breakpoint\":\"m\",\"parallax_easing\":\"1\",\"parallax_y\":\"0,50\",\"text_align\":\"left\",\"visibility\":\"hidden-m\"}},{\"type\":\"fragment\",\"children\":[{\"type\":\"row\",\"props\":{\"divider\":false,\"layout\":\"1-2,1-2\"},\"children\":[{\"type\":\"column\",\"props\":{\"image_position\":\"center-center\",\"position_sticky_breakpoint\":\"m\",\"width_small\":\"1-2\"},\"children\":[{\"type\":\"panel\",\"props\":{\"content\":\"\n\n<p>Kri\\u0161j\\u0101\\u0146a Barona iela 45\\\/47, R\\u012bga<\\\/p>\",\"content_column_breakpoint\":\"m\",\"content_style\":\"h4\",\"icon_width\":80,\"image_align\":\"top\",\"image_grid_breakpoint\":\"m\",\"image_grid_width\":\"1-2\",\"image_svg_color\":\"emphasis\",\"link\":\"https:\\\/\\\/www.google.com\\\/maps\\\/place\\\/R%C4%ABgas+Tinte\\\/@56.9555125,24.1294114,19z\\\/data=!4m15!1m8!3m7!1s0x46eecfcccc758483:0x4f19b970d8a0e70c!2zS3JpxaFqxIHFhmEgQmFyb25hIGllbGEgNDUvNDcsIENlbnRyYSByYWpvbnMsIFLEq2dhLCBMVi0xMDEx!3b1!8m2!3d56.9555598!4d24.1295641!16s%2Fg%2F11c5my9n4y!3m5!1s0x46eecfd69fa480ed:0xbdc29e0b686236a0!8m2!3d56.9554845!4d24.1289515!16s%2Fg%2F1tf1mhxp?entry=ttu\",\"link_margin\":\"medium\",\"link_size\":\"small\",\"link_style\":\"default\",\"link_target\":true,\"link_text\":\"OPEN IN MAP\",\"margin\":\"default\",\"meta\":\"courtyard, entrance through black metal gate\",\"meta_align\":\"below-content\",\"meta_element\":\"div\",\"meta_style\":\"text-meta\",\"title\":\"Tattoo Studio\",\"title_align\":\"top\",\"title_element\":\"h2\",\"title_grid_breakpoint\":\"m\",\"title_grid_width\":\"1-2\",\"title_hover_style\":\"reset\",\"title_link\":true,\"title_style\":\"h6\"}},{\"type\":\"button\",\"props\":{\"button_size\":\"small\",\"css\":\".el-content {\\n    color: #05c8f7; \\\/* Font color *\\\/\\n    border: 2px solid #05c8f7; \\\/* Outline color *\\\/\\n    transition: color 0.3s ease, border-color 0.3s ease; \\\/* Smooth transition for color changes *\\\/\\n}\\n\",\"grid_column_gap\":\"small\",\"grid_row_gap\":\"small\",\"margin\":\"default\"},\"children\":[{\"type\":\"button_item\",\"props\":{\"button_style\":\"default\",\"content\":\"USE WAZE TO DRIVE TO R\\u012aGAS TINTE\",\"icon_align\":\"left\",\"link\":\"https:\\\/\\\/waze.com\\\/ul\\\/hud1hj06kq\",\"link_target\":\"blank\"}}],\"name\":\"Waze Poga LV\"}]},{\"type\":\"column\",\"props\":{\"image_position\":\"center-center\",\"position_sticky_breakpoint\":\"m\",\"width_small\":\"1-2\"},\"children\":[{\"type\":\"headline\",\"props\":{\"content\":\"Let\\u2019s Talk\",\"title_element\":\"h2\",\"title_style\":\"h6\"}},{\"type\":\"headline\",\"props\":{\"content\":\"info@rigastinte.lv\",\"link\":\"mailto:info@rigastinte.lv\",\"link_style\":true,\"link_target\":true,\"margin\":\"remove-vertical\",\"title_element\":\"div\",\"title_style\":\"h4\"}},{\"type\":\"headline\",\"props\":{\"content\":\"+371 67 22 50 55\",\"link\":\"tel:+371 67 22 50 55\",\"link_style\":true,\"margin\":\"small\",\"title_element\":\"div\",\"title_style\":\"h4\"}},{\"type\":\"button\",\"props\":{\"css\":\".el-content svg {\\n    fill: #25D366; \\\/* WhatsApp brand color *\\\/\\n}\\n\",\"grid_column_gap\":\"small\",\"grid_row_gap\":\"small\",\"margin\":\"small\",\"margin_remove_top\":false},\"children\":[{\"type\":\"button_item\",\"props\":{\"button_style\":\"default\",\"content\":\"+371 20094430\",\"icon\":\"whatsapp\",\"icon_align\":\"left\",\"link\":\" https:\\\/\\\/api.whatsapp.com\\\/send?phone=+37120094430&text=Hi!:)\"}}],\"name\":\"Whatsapp button REAL\"}]}]}],\"props\":{\"margin\":\"default\"}},{\"type\":\"divider\",\"props\":{\"divider_element\":\"hr\",\"maxwidth\":\"medium\"}},{\"type\":\"fragment\",\"children\":[{\"type\":\"row\",\"children\":[{\"type\":\"column\",\"props\":{\"image_position\":\"center-center\",\"position_sticky_breakpoint\":\"m\"},\"children\":[{\"type\":\"headline\",\"props\":{\"content\":\"Working Hours\",\"title_element\":\"h2\",\"title_style\":\"h6\"}}]}]},{\"type\":\"row\",\"props\":{\"divider\":false,\"layout\":\"1-2,1-2\"},\"children\":[{\"type\":\"column\",\"props\":{\"image_position\":\"center-center\",\"position_sticky_breakpoint\":\"m\",\"width_small\":\"1-2\"},\"children\":[{\"name\":\"Darba laiks - Description List Title Width Expand\",\"type\":\"description_list\",\"children\":[{\"type\":\"description_list_item\",\"props\":{\"content\":\"\n\n<p>10 AM - 6 PM<\\\/p>\",\"meta\":\"\",\"title\":\"Mon - Fri\"}}],\"props\":{\"column_breakpoint\":\"s\",\"column_divider\":true,\"layout\":\"grid-2\",\"list_element\":\"ul\",\"margin\":\"small\",\"meta_align\":\"above-content\",\"meta_style\":\"h6\",\"show_content\":true,\"show_link\":true,\"show_meta\":true,\"show_title\":true,\"title_colon\":false,\"title_element\":\"div\",\"title_grid_column_gap\":\"small\",\"title_grid_row_gap\":\"small\",\"title_grid_width\":\"expand\",\"title_leader\":false,\"title_style\":\"text-bold\"}},{\"name\":\"Darba laiks - Description List Title Width Expand\",\"type\":\"description_list\",\"children\":[{\"type\":\"description_list_item\",\"props\":{\"content\":\"\n\n<p><span>Day off<\\\/span><\\\/p>\",\"meta\":\"\",\"title\":\"Sat \\u2013 Sun\"}}],\"props\":{\"column_breakpoint\":\"s\",\"column_divider\":true,\"layout\":\"grid-2\",\"list_element\":\"ul\",\"margin\":\"small\",\"meta_align\":\"above-content\",\"meta_style\":\"h6\",\"show_content\":true,\"show_link\":true,\"show_meta\":true,\"show_title\":true,\"title_colon\":false,\"title_element\":\"div\",\"title_grid_column_gap\":\"small\",\"title_grid_row_gap\":\"small\",\"title_grid_width\":\"expand\",\"title_leader\":false,\"title_style\":\"text-bold\"}}]},{\"type\":\"column\",\"props\":{\"image_position\":\"center-center\",\"position_sticky_breakpoint\":\"m\",\"width_small\":\"1-2\"}}]}],\"props\":{\"margin\":\"large\"}},{\"type\":\"social\",\"props\":{\"class\":\"uk-display-inline-block uk-position-center-right uk-margin-medium-right uk-z-index\",\"grid\":\"vertical\",\"grid_gap\":\"small\",\"image_svg_inline\":true,\"link_style\":\"button\",\"link_target\":true,\"margin\":\"default\",\"margin_remove_top\":true,\"position_z_index\":\"1\",\"text_align\":\"right\",\"visibility\":\"xl\"},\"children\":[{\"type\":\"social_item\",\"props\":{\"link\":\"https:\\\/\\\/www.facebook.com\\\/rigastinte\"}},{\"type\":\"social_item\",\"props\":{\"link\":\"https:\\\/\\\/www.instagram.com\\\/rigastintetattoo\\\/\"}}],\"modified\":\"2021-10-14T09:25:21.470Z\",\"name\":\"Socials\"},{\"type\":\"divider\",\"props\":{\"divider_element\":\"hr\",\"margin\":\"medium\",\"maxwidth\":\"medium\",\"visibility\":\"hidden-m\"}},{\"type\":\"headline\",\"props\":{\"content\":\"Follow us\",\"margin\":\"small\",\"margin_remove_bottom\":false,\"maxwidth\":\"large\",\"title_color\":\"primary\",\"title_element\":\"div\",\"title_style\":\"h6\",\"visibility\":\"hidden-m\"}},{\"type\":\"social\",\"props\":{\"grid\":\"horizontal\",\"grid_gap\":\"small\",\"image_svg_inline\":true,\"link_style\":\"button\",\"link_target\":true,\"margin\":\"default\",\"visibility\":\"hidden-xl\"},\"children\":[{\"type\":\"social_item\",\"props\":{\"link\":\"https:\\\/\\\/www.facebook.com\\\/rigastinte\"}},{\"type\":\"social_item\",\"props\":{\"link\":\"https:\\\/\\\/www.instagram.com\\\/rigastintetattoo\\\/\"}}],\"name\":\"Social mob\"}]}],\"props\":{\"column_gap\":\"large\",\"layout\":\"2-5,3-5\",\"margin\":\"remove-vertical\",\"margin_remove_bottom\":true,\"width\":\"default\"}},{\"type\":\"row\",\"children\":[{\"type\":\"column\",\"props\":{\"image_position\":\"center-center\",\"position_sticky_breakpoint\":\"m\",\"width_medium\":\"2-5\"}},{\"type\":\"column\",\"props\":{\"image_position\":\"center-center\",\"position_sticky_breakpoint\":\"m\",\"width_medium\":\"3-5\"},\"children\":[{\"type\":\"yoo_spacer\",\"props\":{\"spacer_element\":\"div\",\"spacer_height\":\"50\",\"visibility\":\"hidden-l\"}},{\"type\":\"divider\",\"props\":{\"divider_element\":\"hr\",\"maxwidth\":\"medium\"}},{\"type\":\"headline\",\"props\":{\"content\":\"Company details\",\"margin\":\"small\",\"margin_remove_bottom\":false,\"maxwidth\":\"large\",\"title_element\":\"div\",\"title_style\":\"h6\"}},{\"type\":\"text\",\"props\":{\"column_breakpoint\":\"m\",\"content\":\"\n\n<p>SIA \\u201cRGS TNT\\u201d,<br \\\/>re\\u0123. Nr. LV40103615601,<br \\\/>jur. Adrese: J\\u016brmalas gatve 107, R\\u012bga, LV 1029<\\\/p>\",\"margin\":\"default\",\"text_style\":\"meta\"}},{\"type\":\"text\",\"props\":{\"column_breakpoint\":\"m\",\"content\":\"\n\n<p>A\\\/S\\\"Swedbank\\\"<br \\\/>LV12HABA0551034250016<br \\\/>SWIFT:HABALV22<\\\/p>\",\"margin\":\"default\",\"text_style\":\"meta\"}}]}],\"props\":{\"column_gap\":\"large\",\"layout\":\"2-5,3-5\",\"margin\":\"remove-vertical\",\"margin_remove_bottom\":true,\"width\":\"default\"}}],\"name\":\"Contact\",\"modified\":\"2021-10-14T12:35:53.841Z\"},{\"type\":\"section\",\"props\":{\"image_position\":\"center-center\",\"style\":\"default\",\"title_breakpoint\":\"xl\",\"title_position\":\"top-left\",\"title_rotation\":\"left\",\"vertical_align\":\"middle\",\"width\":\"default\"},\"children\":[{\"type\":\"row\",\"children\":[{\"type\":\"column\",\"props\":{\"image_position\":\"center-center\",\"position_sticky_breakpoint\":\"m\"}}]}]}],\"version\":\"4.3.11\",\"yooessentialsVersion\":\"2.2.9\"} --><\/p>\n","protected":false},"excerpt":{"rendered":"<p>Ink Us A Message For All Things TATTOO Tattoo Studio courtyard, entrance through black metal gate Kri\u0161j\u0101\u0146a Barona iela 45\/47, R\u012bga OPEN IN MAP USE WAZE TO DRIVE TO R\u012aGAS TINTE Let\u2019s Talk info@rigastinte.lv +371 67 22 50 55 +371 20094430 Working Hours Mon &#8211; Fri 10 AM &#8211; 6 PM Sat \u2013 Sun Day [&hellip;]<\/p>\n","protected":false},"author":3,"featured_media":0,"parent":0,"menu_order":29,"comment_status":"closed","ping_status":"closed","template":"","meta":{"footnotes":""},"categories":[],"tags":[],"class_list":["post-38","page","type-page","status-publish","hentry"],"jetpack_sharing_enabled":true,"_links":{"self":[{"href":"https:\/\/rigastinte.lv\/en\/wp-json\/wp\/v2\/pages\/38","targetHints":{"allow":["GET"]}}],"collection":[{"href":"https:\/\/rigastinte.lv\/en\/wp-json\/wp\/v2\/pages"}],"about":[{"href":"https:\/\/rigastinte.lv\/en\/wp-json\/wp\/v2\/types\/page"}],"author":[{"embeddable":true,"href":"https:\/\/rigastinte.lv\/en\/wp-json\/wp\/v2\/users\/3"}],"replies":[{"embeddable":true,"href":"https:\/\/rigastinte.lv\/en\/wp-json\/wp\/v2\/comments?post=38"}],"version-history":[{"count":0,"href":"https:\/\/rigastinte.lv\/en\/wp-json\/wp\/v2\/pages\/38\/revisions"}],"wp:attachment":[{"href":"https:\/\/rigastinte.lv\/en\/wp-json\/wp\/v2\/media?parent=38"}],"wp:term":[{"taxonomy":"category","embeddable":true,"href":"https:\/\/rigastinte.lv\/en\/wp-json\/wp\/v2\/categories?post=38"},{"taxonomy":"post_tag","embeddable":true,"href":"https:\/\/rigastinte.lv\/en\/wp-json\/wp\/v2\/tags?post=38"}],"curies":[{"name":"wp","href":"https:\/\/api.w.org\/{rel}","templated":true}]}}