{"id":36,"date":"2023-10-26T15:42:47","date_gmt":"2023-10-26T12:42:47","guid":{"rendered":"https:\/\/rigastinte.lv\/?page_id=36"},"modified":"2024-12-14T12:11:28","modified_gmt":"2024-12-14T09:11:28","slug":"crew","status":"publish","type":"page","link":"https:\/\/rigastinte.lv\/en\/crew\/","title":{"rendered":"Crew"},"content":{"rendered":"<h2>OUR<\/h2>\n<h2>TEAM<\/h2>\n<h2>M\u016aSU<\/h2>\n<h2>KOMANDA<\/h2>\n<h1>EVERY TATTOO CREATED AT RIGAS TINTE\u00a0 IS THE RESULT OF OUR TRUSTED TEAM OF MASTERS. OUR ARTISTS OFFER UNIQUE TATTOOING STYLES, VISION, AND TIRELESS PASSION FOR THEIR CRAFT!<\/h1>\n<h1>KATRS TETOV\u0112JUMS, KAS TAPIS R\u012aGAS TINTE SALON\u0100, IR PATEICOTIES UZTICAMAI MEISTARU KOMANDAI. M\u016aSU M\u0100KSLINIEKI PIED\u0100V\u0100 UNIK\u0100LU TETOV\u0112\u0160ANAS STILU, REDZ\u0112JUMU UN NENOGURSTO\u0160U SAVA ARODA AIZRAUT\u012aBU!<\/h1>\n<hr>\n<ul>\n<li>\n<p>        <img decoding=\"async\" src=\"\/wp-content\/uploads\/2023\/10\/Janis-Burmeisters.jpg\" alt=\"M\u016bsu komanda, J\u0101nis Burmeisters\"><\/p>\n<p><img decoding=\"async\" src=\"\/wp-content\/uploads\/2023\/09\/Janis-Burmeisters-RIGAS-TINTE-001.jpg\" alt><\/p>\n<h3>J\u0101nis BURMEISTERS<\/h3>\n<div>\n<p>TATTOO ARTIST<\/p>\n<\/div>\n<p><a href=\"\/lv\/janis-burmeisters-lv\/\"><\/a><\/p>\n<\/li>\n<li>\n<p>        <img decoding=\"async\" src=\"\/wp-content\/uploads\/2023\/09\/DA8B2023.jpg\" alt=\"\"><\/p>\n<p><img decoding=\"async\" src=\"\/wp-content\/uploads\/2023\/09\/Karlis-Ulmanis_Rigas-Tinte_Tattoo_051.jpg\" alt><\/p>\n<h3>K\u0101rlis ULMANIS<\/h3>\n<div>\n<p>TATTOO ARTIST<\/p>\n<\/div>\n<p><a href=\"\/lv\/karlis-ulmanis-lv\/\"><\/a><\/p>\n<\/li>\n<li>\n<p>        <img decoding=\"async\" src=\"\/wp-content\/uploads\/2023\/09\/DA8B2217.jpg\" alt=\"\"><\/p>\n<p><img decoding=\"async\" src=\"\/wp-content\/uploads\/2023\/10\/Janis-Kinens_Rigas-Tinte_005.jpg\" alt><\/p>\n<h3>J\u0101nis KIN\u0112NS<\/h3>\n<div>\n<p>TATTOO ARTIST<\/p>\n<\/div>\n<p><a href=\"\/lv\/janis-kinens-lv\/\"><\/a><\/p>\n<\/li>\n<li>\n<p>        <img decoding=\"async\" src=\"\/wp-content\/uploads\/2023\/10\/Emils_Salmins.jpg\" alt=\"\"><\/p>\n<p><img decoding=\"async\" src=\"\/wp-content\/uploads\/2023\/09\/Emils-Salmins_Rigas-Tinte_019.jpg\" alt><\/p>\n<h3>Em\u012bls SALMI\u0145\u0160<\/h3>\n<div>\n<p>TATTOO ARTIST<\/p>\n<\/div>\n<p><a href=\"\/lv\/emils-salmins-lv\/\"><\/a><\/p>\n<\/li>\n<li>\n<p>        <img decoding=\"async\" src=\"\/wp-content\/uploads\/2023\/10\/Aleksandrs-Kolesnikovs.jpg\" alt=\"\"><\/p>\n<p><img decoding=\"async\" src=\"\/wp-content\/uploads\/2023\/09\/ALEKSANDRS-KOLESNIKOVS_Rigas-Tinte_002.jpg\" alt><\/p>\n<h3>Aleksandrs KO\u013bES\u0145IKOVS<\/h3>\n<div>\n<p>TATTOO ARTIST<\/p>\n<\/div>\n<p><a href=\"\/lv\/aleksandrs-kolesnikovs-lv\/\"><\/a><\/p>\n<\/li>\n<li>\n<p>        <img decoding=\"async\" src=\"\/wp-content\/uploads\/2023\/10\/Daniels-Zars.jpg\" alt=\"\"><\/p>\n<p><img decoding=\"async\" src=\"\/wp-content\/uploads\/2023\/09\/Daniels-Zars_Rigas-Tinte_036.jpg\" alt><\/p>\n<h3>Daniels ZARS<\/h3>\n<div>\n<p>TATTOO ARTIST<\/p>\n<\/div>\n<p><a href=\"\/lv\/daniels-zars-lv\/\"><\/a><\/p>\n<\/li>\n<li>\n<p>        <img decoding=\"async\" src=\"\/wp-content\/uploads\/2023\/10\/Kristaps-Sausserdis.jpg\" alt=\"\"><\/p>\n<p><img decoding=\"async\" src=\"\/wp-content\/uploads\/2023\/09\/Kristaps-Sausserdis_Rigas-Tinte_015.jpg\" alt><\/p>\n<h3>Kristaps SAUSSERDIS<\/h3>\n<div>\n<p>TATTOO ARTIST<\/p>\n<\/div>\n<p><a href=\"\/lv\/kristaps-sausserdis-lv\/\"><\/a><\/p>\n<\/li>\n<li>\n<p>        <img decoding=\"async\" src=\"\/wp-content\/uploads\/2024\/12\/Austris.jpg\" alt=\"Austris Briedis, R\u012bgas Tinte, tattoo artist\"><\/p>\n<p><img decoding=\"async\" src=\"\/wp-content\/uploads\/2024\/12\/Austris-Briedis_005.jpeg\" alt><\/p>\n<h3>Austris Briedis<\/h3>\n<div>\n<p>TATTOO ARTIST<\/p>\n<\/div>\n<p><a href=\"https:\/\/rigastinte.lv\/en\/austris-briedis\/\"><\/a><\/p>\n<\/li>\n<li>\n<p>        <img decoding=\"async\" src=\"\/wp-content\/uploads\/2024\/12\/Kristaps-Mazurs.jpg\" alt=\"Kristaps MAZ\u016aRS\"><\/p>\n<p><img decoding=\"async\" src=\"\/wp-content\/uploads\/2024\/12\/Kristaps-Mazurs_Rigas-Tinte_023.jpeg\" alt><\/p>\n<h3>Kristaps MAZ\u016aRS<\/h3>\n<div>\n<p>TATTOO ARTIST<\/p>\n<\/div>\n<p><a href=\"https:\/\/rigastinte.lv\/en\/kristaps-mazurs\/\"><\/a><\/p>\n<\/li>\n<li>\n<p>        <img decoding=\"async\" src=\"\/wp-content\/uploads\/2023\/10\/Edgars-F.jpg\" alt=\"\"><\/p>\n<p><img decoding=\"async\" src=\"\/wp-content\/uploads\/2023\/09\/DA8B2625-HDR.jpg\" alt><\/p>\n<h3>Edgars FREIMANIS<\/h3>\n<div>\n<p><span>SHOP MANAGER<\/span><\/p>\n<\/div>\n<p><a href=\"\/lv\/edgars-rigas-tinte-lv\/\"><\/a><\/p>\n<\/li>\n<\/ul>\n<p>\n    <a href=\"\/lv\/rezervet-viziti\/\">PIESAKI TIK\u0160ANOS<\/a>\n<\/p>\n<hr>\n<p><!--more--><br \/>\n<!-- {\"type\":\"layout\",\"children\":[{\"type\":\"section\",\"props\":{\"image_position\":\"center-center\",\"style\":\"primary\",\"title_breakpoint\":\"xl\",\"title_position\":\"top-left\",\"title_rotation\":\"left\",\"vertical_align\":\"middle\",\"width\":\"expand\"},\"children\":[{\"type\":\"row\",\"props\":{\"layout\":\"1-3,1-3,1-3\",\"width\":\"large\"},\"children\":[{\"type\":\"column\",\"props\":{\"image_position\":\"center-center\",\"position_sticky_breakpoint\":\"m\",\"width_medium\":\"1-3\"},\"children\":[{\"type\":\"headline\",\"props\":{\"animation\":\"parallax\",\"content\":\"OUR\",\"css\":\".el-element { white-space: nowrap; }\",\"margin\":\"remove-vertical\",\"parallax_breakpoint\":\"m\",\"parallax_x\":\"15vw\",\"parallax_y\":\"0,0 30%,70vh\",\"position\":\"relative\",\"position_right\":\"5vw\",\"position_top\":\"5vh\",\"position_z_index\":\"0\",\"text_align\":\"left\",\"title_element\":\"h2\",\"title_style\":\"heading-medium\",\"visibility\":\"m\"}},{\"type\":\"headline\",\"props\":{\"animation\":\"parallax\",\"content\":\"TEAM\",\"css\":\".el-element { white-space: nowrap; }\",\"margin_remove_top\":true,\"parallax_breakpoint\":\"m\",\"parallax_x\":\"-15vw\",\"parallax_y\":\"0,0 30%,70vh\",\"position\":\"relative\",\"position_left\":\"1vw\",\"position_top\":\"5vh\",\"position_z_index\":\"0\",\"text_align\":\"left\",\"title_element\":\"h2\",\"title_style\":\"heading-medium\",\"visibility\":\"m\"}},{\"type\":\"headline\",\"props\":{\"animation\":\"parallax\",\"content\":\"M\\u016aSU\",\"css\":\".el-element { white-space: nowrap; }\",\"margin\":\"remove-vertical\",\"parallax_x\":\"15vw\",\"position\":\"relative\",\"position_right\":\"2vw\",\"position_top\":\"5vh\",\"position_z_index\":\"0\",\"text_align\":\"left\",\"title_element\":\"h2\",\"title_style\":\"heading-large\",\"visibility\":\"hidden-m\"},\"name\":\"OUR\"},{\"type\":\"headline\",\"props\":{\"animation\":\"parallax\",\"content\":\"KOMANDA\",\"css\":\".el-element { white-space: nowrap; }\",\"margin_remove_top\":true,\"parallax_x\":\"-15vw\",\"position\":\"relative\",\"position_left\":\"15vw\",\"position_top\":\"5vh\",\"position_z_index\":\"0\",\"text_align\":\"left\",\"title_element\":\"h2\",\"title_style\":\"heading-large\",\"visibility\":\"hidden-m\"},\"name\":\"CREW\"}]},{\"type\":\"column\",\"props\":{\"image_position\":\"center-center\",\"position_sticky_breakpoint\":\"m\",\"vertical_align\":\"bottom\",\"width_medium\":\"1-3\"},\"children\":[{\"type\":\"headline\",\"props\":{\"content\":\"EVERY TATTOO CREATED AT RIGAS TINTE\\u00a0 IS THE RESULT OF OUR TRUSTED TEAM OF MASTERS. OUR ARTISTS OFFER UNIQUE TATTOOING STYLES, VISION, AND TIRELESS PASSION FOR THEIR CRAFT!\",\"position\":\"relative\",\"position_top\":\"5vh\",\"text_align\":\"left\",\"title_element\":\"h1\",\"title_font_family\":\"default\",\"title_style\":\"h6\",\"visibility\":\"m\"}},{\"type\":\"headline\",\"props\":{\"block_align\":\"right\",\"content\":\"KATRS TETOV\\u0112JUMS, KAS TAPIS R\\u012aGAS TINTE SALON\\u0100, IR PATEICOTIES UZTICAMAI MEISTARU KOMANDAI. M\\u016aSU M\\u0100KSLINIEKI PIED\\u0100V\\u0100 UNIK\\u0100LU TETOV\\u0112\\u0160ANAS STILU, REDZ\\u0112JUMU UN NENOGURSTO\\u0160U SAVA ARODA AIZRAUT\\u012aBU!\",\"margin\":\"medium\",\"margin_remove_bottom\":true,\"margin_remove_top\":false,\"maxwidth\":\"medium\",\"text_align\":\"justify\",\"title_element\":\"h1\",\"title_font_family\":\"secondary\",\"title_style\":\"text-meta\",\"visibility\":\"hidden-m\"}}]},{\"type\":\"column\",\"props\":{\"image_position\":\"center-center\",\"position_sticky_breakpoint\":\"m\",\"width_medium\":\"1-3\"}}]},{\"type\":\"row\",\"props\":{\"width\":\"xlarge\"},\"children\":[{\"type\":\"column\",\"props\":{\"image_position\":\"center-center\",\"position_sticky_breakpoint\":\"m\"},\"children\":[{\"type\":\"divider\",\"props\":{\"divider_element\":\"hr\",\"position\":\"relative\",\"position_top\":\"5vh\",\"position_z_index\":\"0\"}}]}]},{\"type\":\"row\",\"props\":{\"width\":\"xlarge\"},\"children\":[{\"type\":\"column\",\"props\":{\"image_position\":\"center-center\",\"position_sticky_breakpoint\":\"m\"},\"children\":[{\"name\":\"Gallery Hover Image\",\"type\":\"gallery\",\"children\":[{\"type\":\"gallery_item\",\"props\":{\"content\":\"\n\n<p>TATTOO ARTIST<\\\/p>\",\"hover_image\":\"wp-content\\\/uploads\\\/2023\\\/09\\\/Janis-Burmeisters-RIGAS-TINTE-001.jpg\",\"image\":\"wp-content\\\/uploads\\\/2023\\\/10\\\/Janis-Burmeisters.jpg\",\"image_alt\":\"M\\u016bsu komanda, J\\u0101nis Burmeisters\",\"link\":\"lv\\\/janis-burmeisters-lv\\\/\",\"meta\":\"\",\"title\":\"J\\u0101nis BURMEISTERS\"}},{\"type\":\"gallery_item\",\"props\":{\"content\":\"\n\n<p>TATTOO ARTIST<\\\/p>\",\"hover_image\":\"wp-content\\\/uploads\\\/2023\\\/09\\\/Karlis-Ulmanis_Rigas-Tinte_Tattoo_051.jpg\",\"image\":\"wp-content\\\/uploads\\\/2023\\\/09\\\/DA8B2023.jpg\",\"link\":\"lv\\\/karlis-ulmanis-lv\\\/\",\"meta\":\"\",\"title\":\"K\\u0101rlis ULMANIS\"}},{\"type\":\"gallery_item\",\"props\":{\"content\":\"\n\n<p>TATTOO ARTIST<\\\/p>\",\"hover_image\":\"\\\/wp-content\\\/uploads\\\/2023\\\/10\\\/Janis-Kinens_Rigas-Tinte_005.jpg\",\"image\":\"wp-content\\\/uploads\\\/2023\\\/09\\\/DA8B2217.jpg\",\"link\":\"lv\\\/janis-kinens-lv\\\/\",\"meta\":\"\",\"title\":\"J\\u0101nis KIN\\u0112NS\"}},{\"type\":\"gallery_item\",\"props\":{\"content\":\"\n\n<p>TATTOO ARTIST<\\\/p>\",\"hover_image\":\"wp-content\\\/uploads\\\/2023\\\/09\\\/Emils-Salmins_Rigas-Tinte_019.jpg\",\"image\":\"wp-content\\\/uploads\\\/2023\\\/10\\\/Emils_Salmins.jpg\",\"link\":\"lv\\\/emils-salmins-lv\\\/\",\"meta\":\"\",\"title\":\"Em\\u012bls SALMI\\u0145\\u0160\"}},{\"type\":\"gallery_item\",\"props\":{\"content\":\"\n\n<p>TATTOO ARTIST<\\\/p>\",\"hover_image\":\"wp-content\\\/uploads\\\/2023\\\/09\\\/ALEKSANDRS-KOLESNIKOVS_Rigas-Tinte_002.jpg\",\"image\":\"wp-content\\\/uploads\\\/2023\\\/10\\\/Aleksandrs-Kolesnikovs.jpg\",\"link\":\"lv\\\/aleksandrs-kolesnikovs-lv\\\/\",\"meta\":\"\",\"title\":\"Aleksandrs KO\\u013bES\\u0145IKOVS\"}},{\"type\":\"gallery_item\",\"props\":{\"content\":\"\n\n<p>TATTOO ARTIST<\\\/p>\",\"hover_image\":\"wp-content\\\/uploads\\\/2023\\\/09\\\/Daniels-Zars_Rigas-Tinte_036.jpg\",\"image\":\"wp-content\\\/uploads\\\/2023\\\/10\\\/Daniels-Zars.jpg\",\"link\":\"lv\\\/daniels-zars-lv\\\/\",\"meta\":\"\",\"title\":\"Daniels ZARS\"}},{\"type\":\"gallery_item\",\"props\":{\"content\":\"\n\n<p>TATTOO ARTIST<\\\/p>\",\"hover_image\":\"wp-content\\\/uploads\\\/2023\\\/09\\\/Kristaps-Sausserdis_Rigas-Tinte_015.jpg\",\"image\":\"wp-content\\\/uploads\\\/2023\\\/10\\\/Kristaps-Sausserdis.jpg\",\"link\":\"lv\\\/kristaps-sausserdis-lv\\\/\",\"meta\":\"\",\"title\":\"Kristaps SAUSSERDIS\"}},{\"type\":\"gallery_item\",\"props\":{\"content\":\"\n\n<p>TATTOO ARTIST<\\\/p>\",\"hover_image\":\"wp-content\\\/uploads\\\/2024\\\/12\\\/Austris-Briedis_005.jpeg\",\"image\":\"wp-content\\\/uploads\\\/2024\\\/12\\\/Austris.jpg\",\"image_alt\":\"Austris Briedis, R\\u012bgas Tinte, tattoo artist\",\"link\":\"https:\\\/\\\/rigastinte.lv\\\/en\\\/austris-briedis\\\/\",\"meta\":\"\",\"title\":\"Austris Briedis\"}},{\"type\":\"gallery_item\",\"props\":{\"content\":\"\n\n<p>TATTOO ARTIST<\\\/p>\",\"hover_image\":\"wp-content\\\/uploads\\\/2024\\\/12\\\/Kristaps-Mazurs_Rigas-Tinte_023.jpeg\",\"image\":\"wp-content\\\/uploads\\\/2024\\\/12\\\/Kristaps-Mazurs.jpg\",\"image_alt\":\"Kristaps MAZ\\u016aRS\",\"link\":\"https:\\\/\\\/rigastinte.lv\\\/en\\\/kristaps-mazurs\\\/\",\"meta\":\"\",\"title\":\"Kristaps MAZ\\u016aRS\"}},{\"type\":\"gallery_item\",\"props\":{\"content\":\"\n\n<p><span>SHOP MANAGER<\\\/span><\\\/p>\",\"hover_image\":\"wp-content\\\/uploads\\\/2023\\\/09\\\/DA8B2625-HDR.jpg\",\"image\":\"wp-content\\\/uploads\\\/2023\\\/10\\\/Edgars-F.jpg\",\"link\":\"lv\\\/edgars-rigas-tinte-lv\\\/\",\"meta\":\"\",\"title\":\"Edgars FREIMANIS\"}}],\"props\":{\"content_margin\":\"remove\",\"content_style\":\"text-meta\",\"css\":\".el-title {\\n    text-shadow: 2px 2px 4px rgba(0, 0, 0, 1), 2px 2px 4px rgba(0, 0, 0, 1);\\n}\\n.el-content {\\n    color: lightbrown;\\n    text-shadow: 2px 2px 4px rgba(0, 0, 0, 1), 2px 2px 4px rgba(0, 0, 0, 1);\\n}\\n\",\"filter_align\":\"left\",\"filter_all\":true,\"filter_grid_breakpoint\":\"m\",\"filter_grid_width\":\"auto\",\"filter_position\":\"top\",\"filter_style\":\"tab\",\"grid_column_gap\":\"small\",\"grid_default\":\"2\",\"grid_large\":\"4\",\"grid_medium\":\"2\",\"grid_row_gap\":\"small\",\"grid_small\":\"2\",\"image_height\":\"800\",\"image_transition\":\"scale-down\",\"image_width\":\"600\",\"item_animation\":true,\"lightbox\":false,\"link_margin\":\"medium\",\"link_style\":\"primary\",\"link_text\":\"\",\"margin\":\"remove-vertical\",\"meta_align\":\"below-title\",\"meta_element\":\"div\",\"meta_margin\":\"xlarge\",\"meta_style\":\"h5\",\"overlay_hover\":false,\"overlay_link\":true,\"overlay_maxwidth\":\"large\",\"overlay_mode\":\"cover\",\"overlay_padding\":\"small\",\"overlay_position\":\"bottom-left\",\"overlay_style\":\"\",\"overlay_transition\":\"fade\",\"parallax_easing\":\"1\",\"position\":\"relative\",\"position_top\":\"5vh\",\"show_content\":true,\"show_hover_image\":true,\"show_hover_video\":true,\"show_link\":true,\"show_meta\":true,\"show_title\":true,\"text_align\":\"left\",\"text_color\":\"light\",\"title_decoration\":\"line\",\"title_element\":\"h3\",\"title_font_family\":\"tertiary\",\"title_hover_style\":\"reset\",\"title_link\":true,\"title_margin\":\"small\",\"title_style\":\"h5\"}},{\"name\":\"Button Full Width Default\",\"type\":\"button\",\"children\":[{\"type\":\"button_item\",\"props\":{\"button_style\":\"default\",\"content\":\"PIESAKI TIK\\u0160ANOS\",\"icon_align\":\"left\",\"link\":\"lv\\\/rezervet-viziti\\\/\"}}],\"props\":{\"block_align\":\"right\",\"button_size\":\"large\",\"fullwidth\":true,\"grid_column_gap\":\"small\",\"grid_row_gap\":\"small\",\"margin\":\"default\",\"margin_remove_top\":false,\"maxwidth\":\"2xlarge\",\"parallax_breakpoint\":\"l\",\"parallax_x\":\"15vw\",\"parallax_y\":\"2vh\",\"position\":\"relative\",\"position_top\":\"5vh\",\"text_align\":\"center\"}}]}]}]},{\"type\":\"section\",\"props\":{\"image_position\":\"center-center\",\"style\":\"primary\",\"title_breakpoint\":\"xl\",\"title_position\":\"top-left\",\"title_rotation\":\"left\",\"vertical_align\":\"middle\",\"width\":\"\"},\"children\":[{\"type\":\"row\",\"props\":{\"width\":\"xlarge\"},\"children\":[{\"type\":\"column\",\"props\":{\"image_position\":\"center-center\",\"position_sticky_breakpoint\":\"m\"},\"children\":[{\"type\":\"divider\",\"props\":{\"divider_element\":\"hr\"}}]}]}]}],\"version\":\"4.4.16\",\"yooessentialsVersion\":\"2.2.29\"} --><\/p>\n","protected":false},"excerpt":{"rendered":"<p>OUR TEAM M\u016aSU KOMANDA EVERY TATTOO CREATED AT RIGAS TINTE\u00a0 IS THE RESULT OF OUR TRUSTED TEAM OF MASTERS. OUR ARTISTS OFFER UNIQUE TATTOOING STYLES, VISION, AND TIRELESS PASSION FOR THEIR CRAFT! KATRS TETOV\u0112JUMS, KAS TAPIS R\u012aGAS TINTE SALON\u0100, IR PATEICOTIES UZTICAMAI MEISTARU KOMANDAI. M\u016aSU M\u0100KSLINIEKI PIED\u0100V\u0100 UNIK\u0100LU TETOV\u0112\u0160ANAS STILU, REDZ\u0112JUMU UN NENOGURSTO\u0160U SAVA ARODA [&hellip;]<\/p>\n","protected":false},"author":3,"featured_media":0,"parent":0,"menu_order":27,"comment_status":"closed","ping_status":"closed","template":"","meta":{"footnotes":""},"categories":[],"tags":[],"class_list":["post-36","page","type-page","status-publish","hentry"],"jetpack_sharing_enabled":true,"_links":{"self":[{"href":"https:\/\/rigastinte.lv\/en\/wp-json\/wp\/v2\/pages\/36","targetHints":{"allow":["GET"]}}],"collection":[{"href":"https:\/\/rigastinte.lv\/en\/wp-json\/wp\/v2\/pages"}],"about":[{"href":"https:\/\/rigastinte.lv\/en\/wp-json\/wp\/v2\/types\/page"}],"author":[{"embeddable":true,"href":"https:\/\/rigastinte.lv\/en\/wp-json\/wp\/v2\/users\/3"}],"replies":[{"embeddable":true,"href":"https:\/\/rigastinte.lv\/en\/wp-json\/wp\/v2\/comments?post=36"}],"version-history":[{"count":0,"href":"https:\/\/rigastinte.lv\/en\/wp-json\/wp\/v2\/pages\/36\/revisions"}],"wp:attachment":[{"href":"https:\/\/rigastinte.lv\/en\/wp-json\/wp\/v2\/media?parent=36"}],"wp:term":[{"taxonomy":"category","embeddable":true,"href":"https:\/\/rigastinte.lv\/en\/wp-json\/wp\/v2\/categories?post=36"},{"taxonomy":"post_tag","embeddable":true,"href":"https:\/\/rigastinte.lv\/en\/wp-json\/wp\/v2\/tags?post=36"}],"curies":[{"name":"wp","href":"https:\/\/api.w.org\/{rel}","templated":true}]}}