{"id":180,"date":"2023-10-26T16:22:13","date_gmt":"2023-10-26T13:22:13","guid":{"rendered":"https:\/\/rigastinte.lv\/?page_id=180"},"modified":"2024-04-20T19:24:19","modified_gmt":"2024-04-20T16:24:19","slug":"emils-salmins","status":"publish","type":"page","link":"https:\/\/rigastinte.lv\/en\/emils-salmins\/","title":{"rendered":"Em\u012bls Salmi\u0146\u0161"},"content":{"rendered":"<p><img decoding=\"async\" src=\"\/wp-content\/uploads\/2023\/10\/Emils_Salmins.jpg\" alt=\"\"><\/p>\n<h2>Em\u012bls Salmi\u0146\u0161<\/h2>\n<h2>I&#8217;ve been tattooing for quite some time now, and I have a particular fondness for the contrast that black ink brings to a design. I employ various techniques and styles to achieve results that both I and my clients are pleased with. In my view, <em>tattoos<\/em> should be simple yet impactful, as large as possible, and easy to read. I also believe in using rich black ink so that as the <em>tattoo<\/em> naturally blends with the <em>skin<\/em> over <em>time<\/em>, it continues to look striking and well-defined.<\/h2>\n<h2>Books\u00a0closed<\/h2>\n<p>\n    <a href=\"https:\/\/www.instagram.com\/emils.salmins\/\" target=\"_blank\" rel=\"noopener\">@emils.salmins<\/a>\n<\/p>\n<ul>\n<li>\n<p>        <img decoding=\"async\" src=\"\/wp-content\/uploads\/2023\/09\/Emils-Salmins_Rigas-Tinte_045.jpg\" alt=\"\"><\/p>\n<h3>Em\u012bls Salmi\u0146\u0161_R\u012bgas Tinte_045<\/h3>\n<\/li>\n<li>\n<p>        <img decoding=\"async\" src=\"\/wp-content\/uploads\/2023\/09\/Emils-Salmins_Rigas-Tinte_044.jpg\" alt=\"\"><\/p>\n<h3>Em\u012bls Salmi\u0146\u0161_R\u012bgas Tinte_044<\/h3>\n<\/li>\n<li>\n<p>        <img decoding=\"async\" src=\"\/wp-content\/uploads\/2023\/09\/Emils-Salmins_Rigas-Tinte_043.jpg\" alt=\"\"><\/p>\n<h3>Em\u012bls Salmi\u0146\u0161_R\u012bgas Tinte_043<\/h3>\n<\/li>\n<li>\n<p>        <img decoding=\"async\" src=\"\/wp-content\/uploads\/2023\/09\/Emils-Salmins_Rigas-Tinte_042.jpg\" alt=\"\"><\/p>\n<h3>Em\u012bls Salmi\u0146\u0161_R\u012bgas Tinte_042<\/h3>\n<\/li>\n<li>\n<p>        <img decoding=\"async\" src=\"\/wp-content\/uploads\/2023\/09\/Emils-Salmins_Rigas-Tinte_041.jpg\" alt=\"\"><\/p>\n<h3>Em\u012bls Salmi\u0146\u0161_R\u012bgas Tinte_041<\/h3>\n<\/li>\n<li>\n<p>        <img decoding=\"async\" src=\"\/wp-content\/uploads\/2023\/09\/Emils-Salmins_Rigas-Tinte_040.jpg\" alt=\"\"><\/p>\n<h3>Em\u012bls Salmi\u0146\u0161_R\u012bgas Tinte_040<\/h3>\n<\/li>\n<li>\n<p>        <img decoding=\"async\" src=\"\/wp-content\/uploads\/2023\/09\/Emils-Salmins_Rigas-Tinte_039.jpg\" alt=\"\"><\/p>\n<h3>Em\u012bls Salmi\u0146\u0161_R\u012bgas Tinte_039<\/h3>\n<\/li>\n<li>\n<p>        <img decoding=\"async\" src=\"\/wp-content\/uploads\/2023\/09\/Emils-Salmins_Rigas-Tinte_038.jpg\" alt=\"\"><\/p>\n<h3>Em\u012bls Salmi\u0146\u0161_R\u012bgas Tinte_038<\/h3>\n<\/li>\n<li>\n<p>        <img decoding=\"async\" src=\"\/wp-content\/uploads\/2023\/09\/Emils-Salmins_Rigas-Tinte_037.jpg\" alt=\"\"><\/p>\n<h3>Em\u012bls Salmi\u0146\u0161_R\u012bgas Tinte_037<\/h3>\n<\/li>\n<li>\n<p>        <img decoding=\"async\" src=\"\/wp-content\/uploads\/2023\/09\/Emils-Salmins_Rigas-Tinte_036.jpg\" alt=\"\"><\/p>\n<h3>Em\u012bls Salmi\u0146\u0161_R\u012bgas Tinte_036<\/h3>\n<\/li>\n<li>\n<p>        <img decoding=\"async\" src=\"\/wp-content\/uploads\/2023\/09\/Emils-Salmins_Rigas-Tinte_035.jpg\" alt=\"\"><\/p>\n<h3>Em\u012bls Salmi\u0146\u0161_R\u012bgas Tinte_035<\/h3>\n<\/li>\n<li>\n<p>        <img decoding=\"async\" src=\"\/wp-content\/uploads\/2023\/09\/Emils-Salmins_Rigas-Tinte_034.jpg\" alt=\"\"><\/p>\n<h3>Em\u012bls Salmi\u0146\u0161_R\u012bgas Tinte_034<\/h3>\n<\/li>\n<li>\n<p>        <img decoding=\"async\" src=\"\/wp-content\/uploads\/2023\/09\/Emils-Salmins_Rigas-Tinte_033.jpg\" alt=\"\"><\/p>\n<h3>Em\u012bls Salmi\u0146\u0161_R\u012bgas Tinte_033<\/h3>\n<\/li>\n<li>\n<p>        <img decoding=\"async\" src=\"\/wp-content\/uploads\/2023\/09\/Emils-Salmins_Rigas-Tinte_032.jpg\" alt=\"\"><\/p>\n<h3>Em\u012bls Salmi\u0146\u0161_R\u012bgas Tinte_032<\/h3>\n<\/li>\n<li>\n<p>        <img decoding=\"async\" src=\"\/wp-content\/uploads\/2023\/09\/Emils-Salmins_Rigas-Tinte_031.jpg\" alt=\"\"><\/p>\n<h3>Em\u012bls Salmi\u0146\u0161_R\u012bgas Tinte_031<\/h3>\n<\/li>\n<li>\n<p>        <img decoding=\"async\" src=\"\/wp-content\/uploads\/2023\/09\/Emils-Salmins_Rigas-Tinte_030.jpg\" alt=\"\"><\/p>\n<h3>Em\u012bls Salmi\u0146\u0161_R\u012bgas Tinte_030<\/h3>\n<\/li>\n<li>\n<p>        <img decoding=\"async\" src=\"\/wp-content\/uploads\/2023\/09\/Emils-Salmins_Rigas-Tinte_029.jpg\" alt=\"\"><\/p>\n<h3>Em\u012bls Salmi\u0146\u0161_R\u012bgas Tinte_029<\/h3>\n<\/li>\n<li>\n<p>        <img decoding=\"async\" src=\"\/wp-content\/uploads\/2023\/09\/Emils-Salmins_Rigas-Tinte_028.jpg\" alt=\"\"><\/p>\n<h3>Em\u012bls Salmi\u0146\u0161_R\u012bgas Tinte_028<\/h3>\n<\/li>\n<li>\n<p>        <img decoding=\"async\" src=\"\/wp-content\/uploads\/2023\/09\/Emils-Salmins_Rigas-Tinte_027.jpg\" alt=\"\"><\/p>\n<h3>Em\u012bls Salmi\u0146\u0161_R\u012bgas Tinte_027<\/h3>\n<\/li>\n<li>\n<p>        <img decoding=\"async\" src=\"\/wp-content\/uploads\/2023\/09\/Emils-Salmins_Rigas-Tinte_026.jpg\" alt=\"\"><\/p>\n<h3>Em\u012bls Salmi\u0146\u0161_R\u012bgas Tinte_026<\/h3>\n<\/li>\n<li>\n<p>        <img decoding=\"async\" src=\"\/wp-content\/uploads\/2023\/09\/Emils-Salmins_Rigas-Tinte_025.jpg\" alt=\"\"><\/p>\n<h3>Em\u012bls Salmi\u0146\u0161_R\u012bgas Tinte_025<\/h3>\n<\/li>\n<li>\n<p>        <img decoding=\"async\" src=\"\/wp-content\/uploads\/2023\/09\/Emils-Salmins_Rigas-Tinte_024.jpg\" alt=\"\"><\/p>\n<h3>Em\u012bls Salmi\u0146\u0161_R\u012bgas Tinte_024<\/h3>\n<\/li>\n<li>\n<p>        <img decoding=\"async\" src=\"\/wp-content\/uploads\/2023\/09\/Emils-Salmins_Rigas-Tinte_023.jpg\" alt=\"\"><\/p>\n<h3>Em\u012bls Salmi\u0146\u0161_R\u012bgas Tinte_023<\/h3>\n<\/li>\n<li>\n<p>        <img decoding=\"async\" src=\"\/wp-content\/uploads\/2023\/09\/Emils-Salmins_Rigas-Tinte_022.jpg\" alt=\"\"><\/p>\n<h3>Em\u012bls Salmi\u0146\u0161_R\u012bgas Tinte_022<\/h3>\n<\/li>\n<li>\n<p>        <img decoding=\"async\" src=\"\/wp-content\/uploads\/2023\/09\/Emils-Salmins_Rigas-Tinte_021.jpg\" alt=\"\"><\/p>\n<h3>Em\u012bls Salmi\u0146\u0161_R\u012bgas Tinte_021<\/h3>\n<\/li>\n<li>\n<p>        <img decoding=\"async\" src=\"\/wp-content\/uploads\/2023\/09\/Emils-Salmins_Rigas-Tinte_020.jpg\" alt=\"\"><\/p>\n<h3>Em\u012bls Salmi\u0146\u0161_R\u012bgas Tinte_020<\/h3>\n<\/li>\n<li>\n<p>        <img decoding=\"async\" src=\"\/wp-content\/uploads\/2023\/09\/Emils-Salmins_Rigas-Tinte_019.jpg\" alt=\"\"><\/p>\n<h3>Em\u012bls Salmi\u0146\u0161_R\u012bgas Tinte_019<\/h3>\n<\/li>\n<li>\n<p>        <img decoding=\"async\" src=\"\/wp-content\/uploads\/2023\/09\/Emils-Salmins_Rigas-Tinte_018.jpg\" alt=\"\"><\/p>\n<h3>Em\u012bls Salmi\u0146\u0161_R\u012bgas Tinte_018<\/h3>\n<\/li>\n<li>\n<p>        <img decoding=\"async\" src=\"\/wp-content\/uploads\/2023\/09\/Emils-Salmins_Rigas-Tinte_017.jpg\" alt=\"\"><\/p>\n<h3>Em\u012bls Salmi\u0146\u0161_R\u012bgas Tinte_017<\/h3>\n<\/li>\n<li>\n<p>        <img decoding=\"async\" src=\"\/wp-content\/uploads\/2023\/09\/Emils-Salmins_Rigas-Tinte_016.jpg\" alt=\"\"><\/p>\n<h3>Em\u012bls Salmi\u0146\u0161_R\u012bgas Tinte_016<\/h3>\n<\/li>\n<li>\n<p>        <img decoding=\"async\" src=\"\/wp-content\/uploads\/2023\/09\/Emils-Salmins_Rigas-Tinte_015.jpg\" alt=\"\"><\/p>\n<h3>Em\u012bls Salmi\u0146\u0161_R\u012bgas Tinte_015<\/h3>\n<\/li>\n<li>\n<p>        <img decoding=\"async\" src=\"\/wp-content\/uploads\/2023\/09\/Emils-Salmins_Rigas-Tinte_014.jpg\" alt=\"\"><\/p>\n<h3>Em\u012bls Salmi\u0146\u0161_R\u012bgas Tinte_014<\/h3>\n<\/li>\n<li>\n<p>        <img decoding=\"async\" src=\"\/wp-content\/uploads\/2023\/09\/Emils-Salmins_Rigas-Tinte_013.jpg\" alt=\"\"><\/p>\n<h3>Em\u012bls Salmi\u0146\u0161_R\u012bgas Tinte_013<\/h3>\n<\/li>\n<li>\n<p>        <img decoding=\"async\" src=\"\/wp-content\/uploads\/2023\/09\/Emils-Salmins_Rigas-Tinte_012.jpg\" alt=\"\"><\/p>\n<h3>Em\u012bls Salmi\u0146\u0161_R\u012bgas Tinte_012<\/h3>\n<\/li>\n<li>\n<p>        <img decoding=\"async\" src=\"\/wp-content\/uploads\/2023\/09\/Emils-Salmins_Rigas-Tinte_011.jpg\" alt=\"\"><\/p>\n<h3>Em\u012bls Salmi\u0146\u0161_R\u012bgas Tinte_011<\/h3>\n<\/li>\n<li>\n<p>        <img decoding=\"async\" src=\"\/wp-content\/uploads\/2023\/09\/Emils-Salmins_Rigas-Tinte_010.jpg\" alt=\"\"><\/p>\n<h3>Em\u012bls Salmi\u0146\u0161_R\u012bgas Tinte_010<\/h3>\n<\/li>\n<li>\n<p>        <img decoding=\"async\" src=\"\/wp-content\/uploads\/2023\/09\/Emils-Salmins_Rigas-Tinte_009.jpg\" alt=\"\"><\/p>\n<h3>Em\u012bls Salmi\u0146\u0161_R\u012bgas Tinte_009<\/h3>\n<\/li>\n<li>\n<p>        <img decoding=\"async\" src=\"\/wp-content\/uploads\/2023\/09\/Emils-Salmins_Rigas-Tinte_008.jpg\" alt=\"\"><\/p>\n<h3>Em\u012bls Salmi\u0146\u0161_R\u012bgas Tinte_008<\/h3>\n<\/li>\n<li>\n<p>        <img decoding=\"async\" src=\"\/wp-content\/uploads\/2023\/09\/Emils-Salmins_Rigas-Tinte_007.jpg\" alt=\"\"><\/p>\n<h3>Em\u012bls Salmi\u0146\u0161_R\u012bgas Tinte_007<\/h3>\n<\/li>\n<li>\n<p>        <img decoding=\"async\" src=\"\/wp-content\/uploads\/2023\/09\/Emils-Salmins_Rigas-Tinte_006.jpg\" alt=\"\"><\/p>\n<h3>Em\u012bls Salmi\u0146\u0161_R\u012bgas Tinte_006<\/h3>\n<\/li>\n<li>\n<p>        <img decoding=\"async\" src=\"\/wp-content\/uploads\/2023\/09\/Emils-Salmins_Rigas-Tinte_005.jpg\" alt=\"\"><\/p>\n<h3>Em\u012bls Salmi\u0146\u0161_R\u012bgas Tinte_005<\/h3>\n<\/li>\n<li>\n<p>        <img decoding=\"async\" src=\"\/wp-content\/uploads\/2023\/09\/Emils-Salmins_Rigas-Tinte_004.jpg\" alt=\"\"><\/p>\n<h3>Em\u012bls Salmi\u0146\u0161_R\u012bgas Tinte_004<\/h3>\n<\/li>\n<li>\n<p>        <img decoding=\"async\" src=\"\/wp-content\/uploads\/2023\/09\/Emils-Salmins_Rigas-Tinte_003.jpg\" alt=\"\"><\/p>\n<h3>Em\u012bls Salmi\u0146\u0161_R\u012bgas Tinte_003<\/h3>\n<\/li>\n<li>\n<p>        <img decoding=\"async\" src=\"\/wp-content\/uploads\/2023\/09\/Emils-Salmins_Rigas-Tinte_002.jpg\" alt=\"\"><\/p>\n<h3>Em\u012bls Salmi\u0146\u0161_R\u012bgas Tinte_002<\/h3>\n<\/li>\n<li>\n<p>        <img decoding=\"async\" src=\"\/wp-content\/uploads\/2023\/09\/Emils-Salmins_Rigas-Tinte_001.jpg\" alt=\"\"><\/p>\n<h3>Em\u012bls Salmi\u0146\u0161_R\u012bgas Tinte_001<\/h3>\n<\/li>\n<\/ul>\n<p><!--more--><br \/>\n<!-- {\"type\":\"layout\",\"children\":[{\"name\":\"Hero\",\"type\":\"section\",\"props\":{\"divider_height\":\"120\",\"divider_position\":\"top\",\"divider_width\":\"100\",\"header_transparent\":\"light\",\"header_transparent_noplaceholder\":true,\"height\":\"full\",\"image\":\"wp-content\\\/uploads\\\/2023\\\/09\\\/Emils-Salmins_Rigas-Tinte_006.jpg\",\"image_effect\":\"parallax\",\"image_parallax_bgy\":\",-70vh\",\"image_position\":\"center-center\",\"image_size\":\"cover\",\"image_width\":\"1920\",\"media_overlay\":\"rgba(9, 9, 9, 0.92)\",\"padding\":\"large\",\"padding_custom_bottom\":\"40\",\"padding_custom_top\":\"40\",\"padding_remove_bottom\":false,\"padding_remove_top\":false,\"style\":\"primary\",\"style_custom_color\":\"#ccc\",\"title_breakpoint\":\"xl\",\"title_position\":\"top-left\",\"title_rotation\":\"left\",\"vertical_align\":\"middle\",\"width\":\"\"},\"children\":[{\"type\":\"row\",\"props\":{\"margin\":\"large\",\"margin_remove_bottom\":false,\"width\":\"default\"},\"children\":[{\"type\":\"column\",\"props\":{\"image_position\":\"center-center\",\"position_sticky_breakpoint\":\"m\",\"width_medium\":\"1-1\"},\"children\":[{\"type\":\"image\",\"props\":{\"animation\":\"parallax\",\"image\":\"wp-content\\\/uploads\\\/2023\\\/10\\\/Emils_Salmins.jpg\",\"image_border\":\"pill\",\"image_svg_color\":\"emphasis\",\"image_width\":\"220\",\"margin\":\"default\",\"parallax_rotate\":\"0\",\"parallax_y\":\",-25vh\",\"position\":\"relative\",\"position_z_index\":\"1\",\"text_align\":\"center\"}},{\"type\":\"headline\",\"props\":{\"animation\":\"parallax\",\"block_align\":\"center\",\"content\":\"Em\\u012bls Salmi\\u0146\\u0161\",\"css\":\".el-element {\\n    text-shadow: 4px 4px 4px rgba(0, 0, 0, 1), 2px 2px 4px rgba(0, 0, 0, 1);\\n}\\n\",\"maxwidth\":\"medium\",\"parallax_opacity\":\"0.8 0%,1 32%\",\"parallax_scale\":\"0.9,1.5 56%\",\"parallax_y\":\",-35vh\",\"position\":\"relative\",\"position_top\":\"-5vh\",\"position_z_index\":\"1\",\"text_align\":\"center\",\"title_color\":\"emphasis\",\"title_element\":\"h2\",\"title_font_family\":\"default\",\"title_style\":\"h4\"},\"name\":\"V\\u0101rds Uzv\\u0101rds\"},{\"type\":\"headline\",\"props\":{\"animation\":\"parallax\",\"block_align\":\"center\",\"content\":\"I've been tattooing for quite some time now, and I have a particular fondness for the contrast that black ink brings to a design. I employ various techniques and styles to achieve results that both I and my clients are pleased with. In my view, <em>tattoos<\\\/em> should be simple yet impactful, as large as possible, and easy to read. I also believe in using rich black ink so that as the <em>tattoo<\\\/em> naturally blends with the <em>skin<\\\/em> over <em>time<\\\/em>, it continues to look striking and well-defined.\",\"css\":\"@media (min-width: 0px) and (max-width: 640px) {\\n    .el-element { \\n        font-size: 14px;\\n        letter-spacing: px;\\n        font-weight: \\n    }\\n}\\n@media (min-width: 641px) and (max-width: 960px) {\\n    .el-element { \\n        font-size: 14px;\\n        letter-spacing: px;\\n        font-weight: \\n    }\\n}\\n@media (min-width: 960px) \\n{\\n    .el-element { \\n        font-size:14px;\\n        letter-spacing: px;\\n        font-weight: 400;\\n           }\\n}\",\"maxwidth\":\"large\",\"parallax_opacity\":\"0.3 0%,1 30%\",\"parallax_y\":\",-30vh\",\"position\":\"relative\",\"position_top\":\"-6vh\",\"text_align\":\"center\",\"title_color\":\"emphasis\",\"title_element\":\"h2\",\"title_font_family\":\"default\",\"title_style\":\"h6\"},\"name\":\"Info texts\"},{\"type\":\"headline\",\"props\":{\"animation\":\"parallax\",\"block_align\":\"center\",\"content\":\"Books\\u00a0closed\",\"css\":\"@media (min-width: 0px) and (max-width: 640px) {\\n    .el-element { \\n        font-size: 14px;\\n        letter-spacing: px;\\n        font-weight: \\n    }\\n}\\n@media (min-width: 641px) and (max-width: 960px) {\\n    .el-element { \\n        font-size: 14px;\\n        letter-spacing: px;\\n        font-weight: \\n    }\\n}\\n@media (min-width: 960px) \\n{\\n    .el-element { \\n        font-size:14px;\\n        letter-spacing: px;\\n        font-weight: 400;\\n           }\\n}\",\"maxwidth\":\"large\",\"parallax_opacity\":\"0.3 0%,1 30%\",\"parallax_y\":\",-30vh\",\"position\":\"relative\",\"position_top\":\"-6vh\",\"text_align\":\"center\",\"title_color\":\"emphasis\",\"title_element\":\"h2\",\"title_font_family\":\"default\",\"title_style\":\"h6\"},\"name\":\"Info texts\"},{\"type\":\"button\",\"props\":{\"animation\":\"parallax\",\"fullwidth\":false,\"grid_column_gap\":\"small\",\"grid_row_gap\":\"small\",\"margin\":\"default\",\"parallax_y\":\"-55vh\",\"text_align\":\"center\"},\"children\":[{\"type\":\"button_item\",\"props\":{\"button_style\":\"default\",\"content\":\"@emils.salmins\",\"icon\":\"instagram\",\"icon_align\":\"left\",\"link\":\"https:\\\/\\\/www.instagram.com\\\/emils.salmins\\\/\",\"link_target\":\"blank\"}}],\"name\":\"instagram\"}]}]}],\"modified\":\"2022-01-31T11:04:54.883Z\"},{\"name\":\"Portfolio Galerija\",\"type\":\"section\",\"props\":{\"animation\":\"slide-bottom-small\",\"animation_delay\":\"true\",\"image_position\":\"center-center\",\"padding\":\"xlarge\",\"padding_remove_top\":true,\"style\":\"primary\",\"title_breakpoint\":\"xl\",\"title_position\":\"top-left\",\"title_rotation\":\"left\",\"vertical_align\":\"middle\",\"width\":\"large\"},\"children\":[{\"type\":\"row\",\"props\":{\"margin\":\"xlarge\",\"width\":\"default\"},\"children\":[{\"type\":\"column\",\"props\":{\"image_position\":\"center-center\",\"position_sticky_breakpoint\":\"m\",\"width_medium\":\"1-1\"},\"children\":[{\"type\":\"gallery\",\"props\":{\"filter_align\":\"left\",\"filter_all\":true,\"filter_grid_breakpoint\":\"m\",\"filter_grid_width\":\"auto\",\"filter_position\":\"top\",\"filter_style\":\"tab\",\"grid_column_gap\":\"small\",\"grid_default\":\"2\",\"grid_divider\":false,\"grid_large\":\"5\",\"grid_medium\":\"3\",\"grid_parallax\":\"200\",\"grid_row_gap\":\"small\",\"grid_small\":\"2\",\"grid_xlarge\":\"5\",\"image_height\":\"620\",\"image_orientation\":true,\"image_width\":\"620\",\"item_animation\":true,\"lightbox\":true,\"lightbox_image_height\":\"900\",\"link_style\":\"default\",\"link_text\":\"\",\"margin\":\"default\",\"meta_align\":\"below-title\",\"meta_element\":\"div\",\"meta_style\":\"text-meta\",\"overlay_hover\":true,\"overlay_link\":true,\"overlay_mode\":\"cover\",\"overlay_position\":\"center\",\"overlay_style\":\"overlay-primary\",\"overlay_transition\":\"fade\",\"parallax_easing\":\"1\",\"show_content\":true,\"show_hover_image\":true,\"show_link\":true,\"show_meta\":true,\"show_title\":false,\"text_align\":\"center\",\"text_color\":\"\",\"title_display\":\"item\",\"title_element\":\"h3\",\"title_hover_style\":\"reset\"},\"children\":[{\"type\":\"gallery_item\",\"props\":{\"image\":\"wp-content\\\/uploads\\\/2023\\\/09\\\/Emils-Salmins_Rigas-Tinte_045.jpg\",\"title\":\"Em\\u012bls Salmi\\u0146\\u0161_R\\u012bgas Tinte_045\"}},{\"type\":\"gallery_item\",\"props\":{\"image\":\"wp-content\\\/uploads\\\/2023\\\/09\\\/Emils-Salmins_Rigas-Tinte_044.jpg\",\"title\":\"Em\\u012bls Salmi\\u0146\\u0161_R\\u012bgas Tinte_044\"}},{\"type\":\"gallery_item\",\"props\":{\"image\":\"wp-content\\\/uploads\\\/2023\\\/09\\\/Emils-Salmins_Rigas-Tinte_043.jpg\",\"title\":\"Em\\u012bls Salmi\\u0146\\u0161_R\\u012bgas Tinte_043\"}},{\"type\":\"gallery_item\",\"props\":{\"image\":\"wp-content\\\/uploads\\\/2023\\\/09\\\/Emils-Salmins_Rigas-Tinte_042.jpg\",\"title\":\"Em\\u012bls Salmi\\u0146\\u0161_R\\u012bgas Tinte_042\"}},{\"type\":\"gallery_item\",\"props\":{\"image\":\"wp-content\\\/uploads\\\/2023\\\/09\\\/Emils-Salmins_Rigas-Tinte_041.jpg\",\"title\":\"Em\\u012bls Salmi\\u0146\\u0161_R\\u012bgas Tinte_041\"}},{\"type\":\"gallery_item\",\"props\":{\"image\":\"wp-content\\\/uploads\\\/2023\\\/09\\\/Emils-Salmins_Rigas-Tinte_040.jpg\",\"title\":\"Em\\u012bls Salmi\\u0146\\u0161_R\\u012bgas Tinte_040\"}},{\"type\":\"gallery_item\",\"props\":{\"image\":\"wp-content\\\/uploads\\\/2023\\\/09\\\/Emils-Salmins_Rigas-Tinte_039.jpg\",\"title\":\"Em\\u012bls Salmi\\u0146\\u0161_R\\u012bgas Tinte_039\"}},{\"type\":\"gallery_item\",\"props\":{\"image\":\"wp-content\\\/uploads\\\/2023\\\/09\\\/Emils-Salmins_Rigas-Tinte_038.jpg\",\"title\":\"Em\\u012bls Salmi\\u0146\\u0161_R\\u012bgas Tinte_038\"}},{\"type\":\"gallery_item\",\"props\":{\"image\":\"wp-content\\\/uploads\\\/2023\\\/09\\\/Emils-Salmins_Rigas-Tinte_037.jpg\",\"title\":\"Em\\u012bls Salmi\\u0146\\u0161_R\\u012bgas Tinte_037\"}},{\"type\":\"gallery_item\",\"props\":{\"image\":\"wp-content\\\/uploads\\\/2023\\\/09\\\/Emils-Salmins_Rigas-Tinte_036.jpg\",\"title\":\"Em\\u012bls Salmi\\u0146\\u0161_R\\u012bgas Tinte_036\"}},{\"type\":\"gallery_item\",\"props\":{\"image\":\"wp-content\\\/uploads\\\/2023\\\/09\\\/Emils-Salmins_Rigas-Tinte_035.jpg\",\"title\":\"Em\\u012bls Salmi\\u0146\\u0161_R\\u012bgas Tinte_035\"}},{\"type\":\"gallery_item\",\"props\":{\"image\":\"wp-content\\\/uploads\\\/2023\\\/09\\\/Emils-Salmins_Rigas-Tinte_034.jpg\",\"title\":\"Em\\u012bls Salmi\\u0146\\u0161_R\\u012bgas Tinte_034\"}},{\"type\":\"gallery_item\",\"props\":{\"image\":\"wp-content\\\/uploads\\\/2023\\\/09\\\/Emils-Salmins_Rigas-Tinte_033.jpg\",\"title\":\"Em\\u012bls Salmi\\u0146\\u0161_R\\u012bgas Tinte_033\"}},{\"type\":\"gallery_item\",\"props\":{\"image\":\"wp-content\\\/uploads\\\/2023\\\/09\\\/Emils-Salmins_Rigas-Tinte_032.jpg\",\"title\":\"Em\\u012bls Salmi\\u0146\\u0161_R\\u012bgas Tinte_032\"}},{\"type\":\"gallery_item\",\"props\":{\"image\":\"wp-content\\\/uploads\\\/2023\\\/09\\\/Emils-Salmins_Rigas-Tinte_031.jpg\",\"title\":\"Em\\u012bls Salmi\\u0146\\u0161_R\\u012bgas Tinte_031\"}},{\"type\":\"gallery_item\",\"props\":{\"image\":\"wp-content\\\/uploads\\\/2023\\\/09\\\/Emils-Salmins_Rigas-Tinte_030.jpg\",\"title\":\"Em\\u012bls Salmi\\u0146\\u0161_R\\u012bgas Tinte_030\"}},{\"type\":\"gallery_item\",\"props\":{\"image\":\"wp-content\\\/uploads\\\/2023\\\/09\\\/Emils-Salmins_Rigas-Tinte_029.jpg\",\"title\":\"Em\\u012bls Salmi\\u0146\\u0161_R\\u012bgas Tinte_029\"}},{\"type\":\"gallery_item\",\"props\":{\"image\":\"wp-content\\\/uploads\\\/2023\\\/09\\\/Emils-Salmins_Rigas-Tinte_028.jpg\",\"title\":\"Em\\u012bls Salmi\\u0146\\u0161_R\\u012bgas Tinte_028\"}},{\"type\":\"gallery_item\",\"props\":{\"image\":\"wp-content\\\/uploads\\\/2023\\\/09\\\/Emils-Salmins_Rigas-Tinte_027.jpg\",\"title\":\"Em\\u012bls Salmi\\u0146\\u0161_R\\u012bgas Tinte_027\"}},{\"type\":\"gallery_item\",\"props\":{\"image\":\"wp-content\\\/uploads\\\/2023\\\/09\\\/Emils-Salmins_Rigas-Tinte_026.jpg\",\"title\":\"Em\\u012bls Salmi\\u0146\\u0161_R\\u012bgas Tinte_026\"}},{\"type\":\"gallery_item\",\"props\":{\"image\":\"wp-content\\\/uploads\\\/2023\\\/09\\\/Emils-Salmins_Rigas-Tinte_025.jpg\",\"title\":\"Em\\u012bls Salmi\\u0146\\u0161_R\\u012bgas Tinte_025\"}},{\"type\":\"gallery_item\",\"props\":{\"image\":\"wp-content\\\/uploads\\\/2023\\\/09\\\/Emils-Salmins_Rigas-Tinte_024.jpg\",\"title\":\"Em\\u012bls Salmi\\u0146\\u0161_R\\u012bgas Tinte_024\"}},{\"type\":\"gallery_item\",\"props\":{\"image\":\"wp-content\\\/uploads\\\/2023\\\/09\\\/Emils-Salmins_Rigas-Tinte_023.jpg\",\"title\":\"Em\\u012bls Salmi\\u0146\\u0161_R\\u012bgas Tinte_023\"}},{\"type\":\"gallery_item\",\"props\":{\"image\":\"wp-content\\\/uploads\\\/2023\\\/09\\\/Emils-Salmins_Rigas-Tinte_022.jpg\",\"title\":\"Em\\u012bls Salmi\\u0146\\u0161_R\\u012bgas Tinte_022\"}},{\"type\":\"gallery_item\",\"props\":{\"image\":\"wp-content\\\/uploads\\\/2023\\\/09\\\/Emils-Salmins_Rigas-Tinte_021.jpg\",\"title\":\"Em\\u012bls Salmi\\u0146\\u0161_R\\u012bgas Tinte_021\"}},{\"type\":\"gallery_item\",\"props\":{\"image\":\"wp-content\\\/uploads\\\/2023\\\/09\\\/Emils-Salmins_Rigas-Tinte_020.jpg\",\"title\":\"Em\\u012bls Salmi\\u0146\\u0161_R\\u012bgas Tinte_020\"}},{\"type\":\"gallery_item\",\"props\":{\"image\":\"wp-content\\\/uploads\\\/2023\\\/09\\\/Emils-Salmins_Rigas-Tinte_019.jpg\",\"title\":\"Em\\u012bls Salmi\\u0146\\u0161_R\\u012bgas Tinte_019\"}},{\"type\":\"gallery_item\",\"props\":{\"image\":\"wp-content\\\/uploads\\\/2023\\\/09\\\/Emils-Salmins_Rigas-Tinte_018.jpg\",\"title\":\"Em\\u012bls Salmi\\u0146\\u0161_R\\u012bgas Tinte_018\"}},{\"type\":\"gallery_item\",\"props\":{\"image\":\"wp-content\\\/uploads\\\/2023\\\/09\\\/Emils-Salmins_Rigas-Tinte_017.jpg\",\"title\":\"Em\\u012bls Salmi\\u0146\\u0161_R\\u012bgas Tinte_017\"}},{\"type\":\"gallery_item\",\"props\":{\"image\":\"wp-content\\\/uploads\\\/2023\\\/09\\\/Emils-Salmins_Rigas-Tinte_016.jpg\",\"title\":\"Em\\u012bls Salmi\\u0146\\u0161_R\\u012bgas Tinte_016\"}},{\"type\":\"gallery_item\",\"props\":{\"image\":\"wp-content\\\/uploads\\\/2023\\\/09\\\/Emils-Salmins_Rigas-Tinte_015.jpg\",\"title\":\"Em\\u012bls Salmi\\u0146\\u0161_R\\u012bgas Tinte_015\"}},{\"type\":\"gallery_item\",\"props\":{\"image\":\"wp-content\\\/uploads\\\/2023\\\/09\\\/Emils-Salmins_Rigas-Tinte_014.jpg\",\"title\":\"Em\\u012bls Salmi\\u0146\\u0161_R\\u012bgas Tinte_014\"}},{\"type\":\"gallery_item\",\"props\":{\"image\":\"wp-content\\\/uploads\\\/2023\\\/09\\\/Emils-Salmins_Rigas-Tinte_013.jpg\",\"title\":\"Em\\u012bls Salmi\\u0146\\u0161_R\\u012bgas Tinte_013\"}},{\"type\":\"gallery_item\",\"props\":{\"image\":\"wp-content\\\/uploads\\\/2023\\\/09\\\/Emils-Salmins_Rigas-Tinte_012.jpg\",\"title\":\"Em\\u012bls Salmi\\u0146\\u0161_R\\u012bgas Tinte_012\"}},{\"type\":\"gallery_item\",\"props\":{\"image\":\"wp-content\\\/uploads\\\/2023\\\/09\\\/Emils-Salmins_Rigas-Tinte_011.jpg\",\"title\":\"Em\\u012bls Salmi\\u0146\\u0161_R\\u012bgas Tinte_011\"}},{\"type\":\"gallery_item\",\"props\":{\"image\":\"wp-content\\\/uploads\\\/2023\\\/09\\\/Emils-Salmins_Rigas-Tinte_010.jpg\",\"title\":\"Em\\u012bls Salmi\\u0146\\u0161_R\\u012bgas Tinte_010\"}},{\"type\":\"gallery_item\",\"props\":{\"image\":\"wp-content\\\/uploads\\\/2023\\\/09\\\/Emils-Salmins_Rigas-Tinte_009.jpg\",\"title\":\"Em\\u012bls Salmi\\u0146\\u0161_R\\u012bgas Tinte_009\"}},{\"type\":\"gallery_item\",\"props\":{\"image\":\"wp-content\\\/uploads\\\/2023\\\/09\\\/Emils-Salmins_Rigas-Tinte_008.jpg\",\"title\":\"Em\\u012bls Salmi\\u0146\\u0161_R\\u012bgas Tinte_008\"}},{\"type\":\"gallery_item\",\"props\":{\"image\":\"wp-content\\\/uploads\\\/2023\\\/09\\\/Emils-Salmins_Rigas-Tinte_007.jpg\",\"title\":\"Em\\u012bls Salmi\\u0146\\u0161_R\\u012bgas Tinte_007\"}},{\"type\":\"gallery_item\",\"props\":{\"image\":\"wp-content\\\/uploads\\\/2023\\\/09\\\/Emils-Salmins_Rigas-Tinte_006.jpg\",\"title\":\"Em\\u012bls Salmi\\u0146\\u0161_R\\u012bgas Tinte_006\"}},{\"type\":\"gallery_item\",\"props\":{\"image\":\"wp-content\\\/uploads\\\/2023\\\/09\\\/Emils-Salmins_Rigas-Tinte_005.jpg\",\"title\":\"Em\\u012bls Salmi\\u0146\\u0161_R\\u012bgas Tinte_005\"}},{\"type\":\"gallery_item\",\"props\":{\"image\":\"wp-content\\\/uploads\\\/2023\\\/09\\\/Emils-Salmins_Rigas-Tinte_004.jpg\",\"title\":\"Em\\u012bls Salmi\\u0146\\u0161_R\\u012bgas Tinte_004\"}},{\"type\":\"gallery_item\",\"props\":{\"image\":\"wp-content\\\/uploads\\\/2023\\\/09\\\/Emils-Salmins_Rigas-Tinte_003.jpg\",\"title\":\"Em\\u012bls Salmi\\u0146\\u0161_R\\u012bgas Tinte_003\"}},{\"type\":\"gallery_item\",\"props\":{\"image\":\"wp-content\\\/uploads\\\/2023\\\/09\\\/Emils-Salmins_Rigas-Tinte_002.jpg\",\"title\":\"Em\\u012bls Salmi\\u0146\\u0161_R\\u012bgas Tinte_002\"}},{\"type\":\"gallery_item\",\"props\":{\"image\":\"wp-content\\\/uploads\\\/2023\\\/09\\\/Emils-Salmins_Rigas-Tinte_001.jpg\",\"title\":\"Em\\u012bls Salmi\\u0146\\u0161_R\\u012bgas Tinte_001\"}}],\"name\":\"Gallery\"}]}]}]}],\"version\":\"4.3.11\",\"yooessentialsVersion\":\"2.2.9\"} --><\/p>\n","protected":false},"excerpt":{"rendered":"<p>Em\u012bls Salmi\u0146\u0161 I&#8217;ve been tattooing for quite some time now, and I have a particular fondness for the contrast that black ink brings to a design. I employ various techniques and styles to achieve results that both I and my clients are pleased with. In my view, tattoos should be simple yet impactful, as large [&hellip;]<\/p>\n","protected":false},"author":3,"featured_media":0,"parent":0,"menu_order":39,"comment_status":"closed","ping_status":"closed","template":"","meta":{"footnotes":""},"categories":[7],"tags":[],"class_list":["post-180","page","type-page","status-publish","hentry","category-portfolio"],"jetpack_sharing_enabled":true,"_links":{"self":[{"href":"https:\/\/rigastinte.lv\/en\/wp-json\/wp\/v2\/pages\/180","targetHints":{"allow":["GET"]}}],"collection":[{"href":"https:\/\/rigastinte.lv\/en\/wp-json\/wp\/v2\/pages"}],"about":[{"href":"https:\/\/rigastinte.lv\/en\/wp-json\/wp\/v2\/types\/page"}],"author":[{"embeddable":true,"href":"https:\/\/rigastinte.lv\/en\/wp-json\/wp\/v2\/users\/3"}],"replies":[{"embeddable":true,"href":"https:\/\/rigastinte.lv\/en\/wp-json\/wp\/v2\/comments?post=180"}],"version-history":[{"count":0,"href":"https:\/\/rigastinte.lv\/en\/wp-json\/wp\/v2\/pages\/180\/revisions"}],"wp:attachment":[{"href":"https:\/\/rigastinte.lv\/en\/wp-json\/wp\/v2\/media?parent=180"}],"wp:term":[{"taxonomy":"category","embeddable":true,"href":"https:\/\/rigastinte.lv\/en\/wp-json\/wp\/v2\/categories?post=180"},{"taxonomy":"post_tag","embeddable":true,"href":"https:\/\/rigastinte.lv\/en\/wp-json\/wp\/v2\/tags?post=180"}],"curies":[{"name":"wp","href":"https:\/\/api.w.org\/{rel}","templated":true}]}}